{"id":585,"date":"2018-12-05T12:21:07","date_gmt":"2018-12-05T12:21:07","guid":{"rendered":"http:\/\/pilon.modeltheme.com\/?page_id=585"},"modified":"2025-05-07T22:01:21","modified_gmt":"2025-05-07T22:01:21","slug":"projects-3-columns","status":"publish","type":"page","link":"http:\/\/www.redsolutions.es\/web\/projects-3-columns\/","title":{"rendered":"Soluciones"},"content":{"rendered":"<p>[vc_row full_width=&#8221;stretch_row&#8221; css=&#8221;.vc_custom_1638860593801{margin-top: 80px !important;margin-bottom: 0px !important;}&#8221;][vc_column][vc_column_text]<\/p>\n<h1><span style=\"color: #cecbca;\">Soluciones<\/span><\/h1>\n<p>[\/vc_column_text][vc_row_inner css=&#8221;.vc_custom_1580722706128{margin-bottom: 50px !important;}&#8221;][vc_column_inner]<div class=\"title-subtile-holder  animateIn text_center\" data-animate=\"no_animation\"><h2 style=\"\" class=\"section-title dark_title\">La seguridad de tu familia es tu tranquilidad...<\/h2><h2 style=\"\" class=\"section-title absolute section-title-opacity dark_subtitle\">SOLUCIONES<\/h2><\/div>[\/vc_column_inner][\/vc_row_inner][vc_row_inner css=&#8221;.vc_custom_1580722771841{margin-top: 0px !important;margin-bottom: 0px !important;}&#8221;][vc_column_inner width=&#8221;1\/3&#8243;]<div class=\"thumbnail animateIn\" data-animate=\"\"><img decoding=\"async\" data-holder-rendered=\"true\" src=\"http:\/\/www.redsolutions.es\/web\/wp-content\/uploads\/2021\/12\/03-scaled.jpg\" data-src=\"http:\/\/www.redsolutions.es\/web\/wp-content\/uploads\/2021\/12\/03-scaled.jpg\" alt=\"HOGAR\"><div class=\"caption custom_content\"><h3 class=\"custom_content_title\">HOGAR<\/h3><p>Protege las ventanas, balcones y terrazas de tu hogar de manera est\u00e9tica, segura y econ\u00f3mica...<\/p><p><a href=\"http:\/\/www.redsolutions.es\/web\/proteccion-para-el-hogar\/\" class=\"btn btn-custom-content\" role=\"button\">LEER M\u00c1S<\/a><\/p><\/div><\/div>[\/vc_column_inner][vc_column_inner width=&#8221;1\/3&#8243;]<div class=\"thumbnail animateIn\" data-animate=\"\"><img decoding=\"async\" data-holder-rendered=\"true\" src=\"http:\/\/www.redsolutions.es\/web\/wp-content\/uploads\/2022\/01\/proteccion_bebes_03.jpg\" data-src=\"http:\/\/www.redsolutions.es\/web\/wp-content\/uploads\/2022\/01\/proteccion_bebes_03.jpg\" alt=\"NI\u00d1OS\"><div class=\"caption custom_content\"><h3 class=\"custom_content_title\">NI\u00d1OS<\/h3><p>Protege a los ni\u00f1os en la etapa de exploraci\u00f3n a partir del gateo y crecimiento en autonom\u00eda...<\/p><p><a href=\"http:\/\/www.redsolutions.es\/web\/proteccion-ninos\/\" class=\"btn btn-custom-content\" role=\"button\">LEER M\u00c1S<\/a><\/p><\/div><\/div>[\/vc_column_inner][vc_column_inner width=&#8221;1\/3&#8243;]<div class=\"thumbnail animateIn\" data-animate=\"\"><img decoding=\"async\" data-holder-rendered=\"true\" src=\"http:\/\/www.redsolutions.es\/web\/wp-content\/uploads\/2022\/01\/mascotas.jpg\" data-src=\"http:\/\/www.redsolutions.es\/web\/wp-content\/uploads\/2022\/01\/mascotas.jpg\" alt=\"MASCOTAS\"><div class=\"caption custom_content\"><h3 class=\"custom_content_title\">MASCOTAS<\/h3><p>Para evitar ca\u00eddas nuestra propuesta de cerramiento es la alternativa para mantenerlos a salvo...<\/p><p><a href=\"http:\/\/www.redsolutions.es\/web\/proteccion-mascotas\/\" class=\"btn btn-custom-content\" role=\"button\">LEER M\u00c1S<\/a><\/p><\/div><\/div>[\/vc_column_inner][\/vc_row_inner][\/vc_column][\/vc_row]<\/p>\n","protected":false},"excerpt":{"rendered":"<p>[vc_row full_width=&#8221;stretch_row&#8221; css=&#8221;.vc_custom_1638860593801{margin-top: 80px !important;margin-bottom: 0px !important;}&#8221;][vc_column][vc_column_text] Soluciones [\/vc_column_text][vc_row_inner css=&#8221;.vc_custom_1580722706128{margin-bottom: 50px !important;}&#8221;][vc_column_inner][\/vc_column_inner][\/vc_row_inner][vc_row_inner css=&#8221;.vc_custom_1580722771841{margin-top: 0px !important;margin-bottom: 0px !important;}&#8221;][vc_column_inner width=&#8221;1\/3&#8243;][\/vc_column_inner][vc_column_inner width=&#8221;1\/3&#8243;][\/vc_column_inner][vc_column_inner width=&#8221;1\/3&#8243;][\/vc_column_inner][\/vc_row_inner][\/vc_column][\/vc_row]<\/p>\n","protected":false},"author":1,"featured_media":3569,"parent":0,"menu_order":0,"comment_status":"closed","ping_status":"closed","template":"","meta":{"footnotes":""},"class_list":["post-585","page","type-page","status-publish","has-post-thumbnail","hentry"],"yoast_head":"<!-- This site is optimized with the Yoast SEO plugin v24.8 - https:\/\/yoast.com\/wordpress\/plugins\/seo\/ -->\n<title>Soluciones - Redsolutions<\/title>\n<meta name=\"description\" content=\"Soluciones - Expertos en instalaci\u00f3n de redes de seguridad para proteger tu hogar.\" \/>\n<meta name=\"robots\" content=\"index, follow, max-snippet:-1, max-image-preview:large, max-video-preview:-1\" \/>\n<link rel=\"canonical\" href=\"http:\/\/www.redsolutions.es\/web\/projects-3-columns\/\" \/>\n<meta property=\"og:locale\" content=\"es_ES\" \/>\n<meta property=\"og:type\" content=\"article\" \/>\n<meta property=\"og:title\" content=\"Soluciones - Redsolutions\" \/>\n<meta property=\"og:description\" content=\"Soluciones - Expertos en instalaci\u00f3n de redes de seguridad para proteger tu hogar.\" \/>\n<meta property=\"og:url\" content=\"http:\/\/www.redsolutions.es\/web\/projects-3-columns\/\" \/>\n<meta property=\"og:site_name\" content=\"Redsolutions\" \/>\n<meta property=\"article:modified_time\" content=\"2025-05-07T22:01:21+00:00\" \/>\n<meta property=\"og:image\" content=\"http:\/\/www.redsolutions.es\/web\/wp-content\/uploads\/2021\/12\/shutterstock_1591115824-scaled.jpg\" \/>\n\t<meta property=\"og:image:width\" content=\"2560\" \/>\n\t<meta property=\"og:image:height\" content=\"1707\" \/>\n\t<meta property=\"og:image:type\" content=\"image\/jpeg\" \/>\n<meta name=\"twitter:card\" content=\"summary_large_image\" \/>\n<meta name=\"twitter:label1\" content=\"Tiempo de lectura\" \/>\n\t<meta name=\"twitter:data1\" content=\"1 minuto\" \/>\n<script type=\"application\/ld+json\" class=\"yoast-schema-graph\">{\"@context\":\"https:\/\/schema.org\",\"@graph\":[{\"@type\":\"WebPage\",\"@id\":\"http:\/\/www.redsolutions.es\/web\/projects-3-columns\/\",\"url\":\"http:\/\/www.redsolutions.es\/web\/projects-3-columns\/\",\"name\":\"Soluciones - Redsolutions\",\"isPartOf\":{\"@id\":\"http:\/\/www.redsolutions.es\/web\/#website\"},\"primaryImageOfPage\":{\"@id\":\"http:\/\/www.redsolutions.es\/web\/projects-3-columns\/#primaryimage\"},\"image\":{\"@id\":\"http:\/\/www.redsolutions.es\/web\/projects-3-columns\/#primaryimage\"},\"thumbnailUrl\":\"http:\/\/www.redsolutions.es\/web\/wp-content\/uploads\/2021\/12\/shutterstock_1591115824-scaled.jpg\",\"datePublished\":\"2018-12-05T12:21:07+00:00\",\"dateModified\":\"2025-05-07T22:01:21+00:00\",\"description\":\"Soluciones - Expertos en instalaci\u00f3n de redes de seguridad para proteger tu hogar.\",\"breadcrumb\":{\"@id\":\"http:\/\/www.redsolutions.es\/web\/projects-3-columns\/#breadcrumb\"},\"inLanguage\":\"es\",\"potentialAction\":[{\"@type\":\"ReadAction\",\"target\":[\"http:\/\/www.redsolutions.es\/web\/projects-3-columns\/\"]}]},{\"@type\":\"ImageObject\",\"inLanguage\":\"es\",\"@id\":\"http:\/\/www.redsolutions.es\/web\/projects-3-columns\/#primaryimage\",\"url\":\"http:\/\/www.redsolutions.es\/web\/wp-content\/uploads\/2021\/12\/shutterstock_1591115824-scaled.jpg\",\"contentUrl\":\"http:\/\/www.redsolutions.es\/web\/wp-content\/uploads\/2021\/12\/shutterstock_1591115824-scaled.jpg\",\"width\":2560,\"height\":1707},{\"@type\":\"BreadcrumbList\",\"@id\":\"http:\/\/www.redsolutions.es\/web\/projects-3-columns\/#breadcrumb\",\"itemListElement\":[{\"@type\":\"ListItem\",\"position\":1,\"name\":\"Portada\",\"item\":\"http:\/\/www.redsolutions.es\/web\/\"},{\"@type\":\"ListItem\",\"position\":2,\"name\":\"Soluciones\"}]},{\"@type\":\"WebSite\",\"@id\":\"http:\/\/www.redsolutions.es\/web\/#website\",\"url\":\"http:\/\/www.redsolutions.es\/web\/\",\"name\":\"Redsolutions\",\"description\":\"Redes de proteccion en ventanas, balcones y terrazas.\",\"potentialAction\":[{\"@type\":\"SearchAction\",\"target\":{\"@type\":\"EntryPoint\",\"urlTemplate\":\"http:\/\/www.redsolutions.es\/web\/?s={search_term_string}\"},\"query-input\":{\"@type\":\"PropertyValueSpecification\",\"valueRequired\":true,\"valueName\":\"search_term_string\"}}],\"inLanguage\":\"es\"}]}<\/script>\n<!-- \/ Yoast SEO plugin. -->","yoast_head_json":{"title":"Soluciones - Redsolutions","description":"Soluciones - Expertos en instalaci\u00f3n de redes de seguridad para proteger tu hogar.","robots":{"index":"index","follow":"follow","max-snippet":"max-snippet:-1","max-image-preview":"max-image-preview:large","max-video-preview":"max-video-preview:-1"},"canonical":"http:\/\/www.redsolutions.es\/web\/projects-3-columns\/","og_locale":"es_ES","og_type":"article","og_title":"Soluciones - Redsolutions","og_description":"Soluciones - Expertos en instalaci\u00f3n de redes de seguridad para proteger tu hogar.","og_url":"http:\/\/www.redsolutions.es\/web\/projects-3-columns\/","og_site_name":"Redsolutions","article_modified_time":"2025-05-07T22:01:21+00:00","og_image":[{"width":2560,"height":1707,"url":"http:\/\/www.redsolutions.es\/web\/wp-content\/uploads\/2021\/12\/shutterstock_1591115824-scaled.jpg","type":"image\/jpeg"}],"twitter_card":"summary_large_image","twitter_misc":{"Tiempo de lectura":"1 minuto"},"schema":{"@context":"https:\/\/schema.org","@graph":[{"@type":"WebPage","@id":"http:\/\/www.redsolutions.es\/web\/projects-3-columns\/","url":"http:\/\/www.redsolutions.es\/web\/projects-3-columns\/","name":"Soluciones - Redsolutions","isPartOf":{"@id":"http:\/\/www.redsolutions.es\/web\/#website"},"primaryImageOfPage":{"@id":"http:\/\/www.redsolutions.es\/web\/projects-3-columns\/#primaryimage"},"image":{"@id":"http:\/\/www.redsolutions.es\/web\/projects-3-columns\/#primaryimage"},"thumbnailUrl":"http:\/\/www.redsolutions.es\/web\/wp-content\/uploads\/2021\/12\/shutterstock_1591115824-scaled.jpg","datePublished":"2018-12-05T12:21:07+00:00","dateModified":"2025-05-07T22:01:21+00:00","description":"Soluciones - Expertos en instalaci\u00f3n de redes de seguridad para proteger tu hogar.","breadcrumb":{"@id":"http:\/\/www.redsolutions.es\/web\/projects-3-columns\/#breadcrumb"},"inLanguage":"es","potentialAction":[{"@type":"ReadAction","target":["http:\/\/www.redsolutions.es\/web\/projects-3-columns\/"]}]},{"@type":"ImageObject","inLanguage":"es","@id":"http:\/\/www.redsolutions.es\/web\/projects-3-columns\/#primaryimage","url":"http:\/\/www.redsolutions.es\/web\/wp-content\/uploads\/2021\/12\/shutterstock_1591115824-scaled.jpg","contentUrl":"http:\/\/www.redsolutions.es\/web\/wp-content\/uploads\/2021\/12\/shutterstock_1591115824-scaled.jpg","width":2560,"height":1707},{"@type":"BreadcrumbList","@id":"http:\/\/www.redsolutions.es\/web\/projects-3-columns\/#breadcrumb","itemListElement":[{"@type":"ListItem","position":1,"name":"Portada","item":"http:\/\/www.redsolutions.es\/web\/"},{"@type":"ListItem","position":2,"name":"Soluciones"}]},{"@type":"WebSite","@id":"http:\/\/www.redsolutions.es\/web\/#website","url":"http:\/\/www.redsolutions.es\/web\/","name":"Redsolutions","description":"Redes de proteccion en ventanas, balcones y terrazas.","potentialAction":[{"@type":"SearchAction","target":{"@type":"EntryPoint","urlTemplate":"http:\/\/www.redsolutions.es\/web\/?s={search_term_string}"},"query-input":{"@type":"PropertyValueSpecification","valueRequired":true,"valueName":"search_term_string"}}],"inLanguage":"es"}]}},"_links":{"self":[{"href":"http:\/\/www.redsolutions.es\/web\/wp-json\/wp\/v2\/pages\/585","targetHints":{"allow":["GET"]}}],"collection":[{"href":"http:\/\/www.redsolutions.es\/web\/wp-json\/wp\/v2\/pages"}],"about":[{"href":"http:\/\/www.redsolutions.es\/web\/wp-json\/wp\/v2\/types\/page"}],"author":[{"embeddable":true,"href":"http:\/\/www.redsolutions.es\/web\/wp-json\/wp\/v2\/users\/1"}],"replies":[{"embeddable":true,"href":"http:\/\/www.redsolutions.es\/web\/wp-json\/wp\/v2\/comments?post=585"}],"version-history":[{"count":14,"href":"http:\/\/www.redsolutions.es\/web\/wp-json\/wp\/v2\/pages\/585\/revisions"}],"predecessor-version":[{"id":4087,"href":"http:\/\/www.redsolutions.es\/web\/wp-json\/wp\/v2\/pages\/585\/revisions\/4087"}],"wp:featuredmedia":[{"embeddable":true,"href":"http:\/\/www.redsolutions.es\/web\/wp-json\/wp\/v2\/media\/3569"}],"wp:attachment":[{"href":"http:\/\/www.redsolutions.es\/web\/wp-json\/wp\/v2\/media?parent=585"}],"curies":[{"name":"wp","href":"https:\/\/api.w.org\/{rel}","templated":true}]}}