{"id":413,"date":"2018-11-29T14:12:59","date_gmt":"2018-11-29T14:12:59","guid":{"rendered":"http:\/\/pilon.modeltheme.com\/?page_id=413"},"modified":"2022-01-14T14:52:37","modified_gmt":"2022-01-14T14:52:37","slug":"terraza-montecarmelo","status":"publish","type":"page","link":"http:\/\/www.redsolutions.es\/web\/projects\/terraza-montecarmelo\/","title":{"rendered":"Terraza en Montecarmelo (Madrid)"},"content":{"rendered":"<p>[vc_row full_width=&#8221;stretch_row&#8221; css=&#8221;.vc_custom_1638862649897{margin-bottom: 0px !important;padding-bottom: 5px !important;background-image: url(http:\/\/www.redsolutions.es\/web\/wp-content\/uploads\/2021\/12\/03-scaled.jpg?id=3573) !important;background-position: 0 0 !important;background-repeat: no-repeat !important;}&#8221;][vc_column width=&#8221;1\/2&#8243; css=&#8221;.vc_custom_1575446929616{padding-top: 30px !important;padding-right: 45px !important;padding-bottom: 30px !important;}&#8221;][vc_empty_space height=&#8221;40px&#8221;][vc_column_text]<\/p>\n<h3 style=\"font-weight: bold; margin-bottom: 30px;\"><span style=\"color: #ffffff;\">Intervenci\u00f3n en vivienda Montecarmelo<\/span><\/h3>\n<p>[\/vc_column_text][vc_column_text css=&#8221;.vc_custom_1642169455629{margin-bottom: 10px !important;}&#8221;]<span style=\"color: #ffffff;\">Las mallas de protecci\u00f3n en las terrazas garantizan seguridad total sin generar sensaci\u00f3n de agobio ni encierro. Las redes permiten que sus ni\u00f1os y mascotas disfruten plenamente de los espacios abiertos sin riesgos de ca\u00eddas ni peligro de que puedan lanzar objetos desde el mismo. Gracias a su color transparente, son sumamente est\u00e9ticas y no disminuyen la luminosidad y visibilidad de los espacios. Las mallas se pueden colocar desde el suelo o desde la barandilla, seg\u00fan la necesidad.<\/span>[\/vc_column_text][vc_empty_space height=&#8221;80px&#8221;][\/vc_column][vc_column width=&#8221;1\/2&#8243; css=&#8221;.vc_custom_1582198211492{margin-top: 0px !important;margin-bottom: 0px !important;}&#8221;][vc_empty_space height=&#8221;40px&#8221;][vc_column_text css=&#8221;.vc_custom_1642169617514{margin-bottom: 50px !important;}&#8221;]<\/p>\n<div class=\"project-details-content\">\n<table style=\"width: 100%;\">\n<tbody>\n<tr>\n<td>Cliente:<\/td>\n<td>Terraza de vivienda en Montecarmelo<\/td>\n<\/tr>\n<tr>\n<td>Localizaci\u00f3n:<\/td>\n<td>Madrid<\/td>\n<\/tr>\n<tr>\n<td>Superficie:<\/td>\n<td>16 metros lineales<\/td>\n<\/tr>\n<tr>\n<td>Soluci\u00f3n:<\/td>\n<td>Malla de monofilamento de poliamida transparente de alta resistencia.<\/td>\n<\/tr>\n<tr class=\"last-row\">\n<td>Presupuesto:<\/td>\n<td>Consultar<\/td>\n<\/tr>\n<\/tbody>\n<\/table>\n<\/div>\n<p>[\/vc_column_text][\/vc_column][\/vc_row][vc_row css=&#8221;.vc_custom_1582198175359{margin-top: 100px !important;margin-bottom: 0px !important;}&#8221;][vc_column][vc_gallery type=&#8221;image_grid&#8221; images=&#8221;3729,3724,3725,3726,3727,3728&#8243; img_size=&#8221;340&#215;231&#8243;][\/vc_column][\/vc_row][vc_row css=&#8221;.vc_custom_1582200613473{margin-bottom: 0px !important;padding-top: 0px !important;padding-bottom: 80px !important;}&#8221;][vc_column width=&#8221;2\/3&#8243; css=&#8221;.vc_custom_1642169259911{margin-top: 20px !important;padding-top: 0px !important;padding-right: 10px !important;padding-bottom: 0px !important;padding-left: 0px !important;background-image: url(https:\/\/pilon.modeltheme.com\/wp-content\/uploads\/2019\/12\/contact-us0-1.png?id=2486) !important;background-position: center !important;background-repeat: no-repeat !important;background-size: cover !important;}&#8221;][vc_column_text el_class=&#8221;get_a_quote&#8221; css=&#8221;.vc_custom_1642158947419{margin-top: 0px !important;margin-bottom: 5px !important;margin-left: 10px !important;}&#8221;]<div role=\"form\" class=\"wpcf7\" id=\"wpcf7-f3446-o1\" lang=\"en-US\" dir=\"ltr\">\n<div class=\"screen-reader-response\"><p role=\"status\" aria-live=\"polite\" aria-atomic=\"true\"><\/p> <ul><\/ul><\/div>\n<form action=\"\/web\/wp-json\/wp\/v2\/pages\/413#wpcf7-f3446-o1\" method=\"post\" class=\"wpcf7-form init\" enctype=\"multipart\/form-data\" novalidate=\"novalidate\" data-status=\"init\">\n<div style=\"display: none;\">\n<input type=\"hidden\" name=\"_wpcf7\" value=\"3446\" \/>\n<input type=\"hidden\" name=\"_wpcf7_version\" value=\"5.5.3\" \/>\n<input type=\"hidden\" name=\"_wpcf7_locale\" value=\"en_US\" \/>\n<input type=\"hidden\" name=\"_wpcf7_unit_tag\" value=\"wpcf7-f3446-o1\" \/>\n<input type=\"hidden\" name=\"_wpcf7_container_post\" value=\"0\" \/>\n<input type=\"hidden\" name=\"_wpcf7_posted_data_hash\" value=\"\" \/>\n<\/div>\n<div class=\"pilon-contact row\">\n<div class=\"col-md-6\">\n<label><span class=\"wpcf7-form-control-wrap first-name\"><input type=\"text\" name=\"first-name\" value=\"\" size=\"40\" class=\"wpcf7-form-control wpcf7-text wpcf7-validates-as-required\" aria-required=\"true\" aria-invalid=\"false\" placeholder=\"Nombre y apellidos\" \/><\/span><\/label>\n<\/div>\n<div class=\"col-md-6\">\n<label><span class=\"wpcf7-form-control-wrap email\"><input type=\"email\" name=\"email\" value=\"\" size=\"40\" class=\"wpcf7-form-control wpcf7-text wpcf7-email wpcf7-validates-as-required wpcf7-validates-as-email\" aria-required=\"true\" aria-invalid=\"false\" placeholder=\"Email\" \/><\/span><\/label>\n<\/div>\n<div class=\"col-md-6\">\n<label><span class=\"wpcf7-form-control-wrap CdigoPostal\"><input type=\"text\" name=\"CdigoPostal\" value=\"\" size=\"40\" class=\"wpcf7-form-control wpcf7-text wpcf7-validates-as-required\" aria-required=\"true\" aria-invalid=\"false\" placeholder=\"C\u00f3digo Postal\" \/><\/span><\/label>\n<\/div>\n<div class=\"col-md-6\">\n<label><span class=\"wpcf7-form-control-wrap telefono\"><input type=\"tel\" name=\"telefono\" value=\"\" size=\"40\" class=\"wpcf7-form-control wpcf7-text wpcf7-tel wpcf7-validates-as-required wpcf7-validates-as-tel\" aria-required=\"true\" aria-invalid=\"false\" placeholder=\"Tel\u00e9fono\" \/><\/span><\/label>\n<\/div>\n<div class=\"col-md-6\">\n<label><span class=\"wpcf7-form-control-wrap last-name\"><input type=\"text\" name=\"last-name\" value=\"\" size=\"40\" class=\"wpcf7-form-control wpcf7-text wpcf7-validates-as-required\" aria-required=\"true\" aria-invalid=\"false\" placeholder=\"Asunto\" \/><\/span><\/label>\n<\/div>\n<div class=\"col-md-6\">\n<label><span class=\"wpcf7-form-control-wrap your-message\"><textarea name=\"your-message\" cols=\"40\" rows=\"10\" class=\"wpcf7-form-control wpcf7-textarea\" aria-invalid=\"false\" placeholder=\"Mensaje\"><\/textarea><\/span><\/label>\n<\/div>\n<div class=\"col-md-12\">Tipo de abertura:<\/div>\n<p><br><br><\/p>\n<div class=\"col-md-12\">\n<span class=\"wpcf7-form-control-wrap Tipodeabertura\"><span class=\"wpcf7-form-control wpcf7-radio\"><span class=\"wpcf7-list-item first\"><label><input type=\"radio\" name=\"Tipodeabertura\" value=\"Balc\u00f3n\" checked=\"checked\" \/><span class=\"wpcf7-list-item-label\">Balc\u00f3n<\/span><\/label><\/span><span class=\"wpcf7-list-item\"><label><input type=\"radio\" name=\"Tipodeabertura\" value=\"Terraza\" \/><span class=\"wpcf7-list-item-label\">Terraza<\/span><\/label><\/span><span class=\"wpcf7-list-item\"><label><input type=\"radio\" name=\"Tipodeabertura\" value=\"Ventana\" \/><span class=\"wpcf7-list-item-label\">Ventana<\/span><\/label><\/span><span class=\"wpcf7-list-item\"><label><input type=\"radio\" name=\"Tipodeabertura\" value=\"Patio\" \/><span class=\"wpcf7-list-item-label\">Patio<\/span><\/label><\/span><span class=\"wpcf7-list-item last\"><label><input type=\"radio\" name=\"Tipodeabertura\" value=\"Otros\" \/><span class=\"wpcf7-list-item-label\">Otros<\/span><\/label><\/span><\/span><\/span>\n<\/div>\n<div class=\"col-md-12\">\n<label><span class=\"wpcf7-form-control-wrap Medidas\"><input type=\"text\" name=\"Medidas\" value=\"\" size=\"40\" class=\"wpcf7-form-control wpcf7-text wpcf7-validates-as-required\" aria-required=\"true\" aria-invalid=\"false\" placeholder=\"Medidas: Largo x ancho x alto\" \/><\/span><\/label>\n<\/div>\n<div class=\"col-md-12\">Adjuntar im\u00e1genes:<\/div>\n<p><br><br><\/p>\n<div class=\"col-md-6\">\n<label><span class=\"wpcf7-form-control-wrap Imagen\"><input type=\"file\" name=\"Imagen\" size=\"40\" class=\"wpcf7-form-control wpcf7-file\" id=\"Adjuntarimagen\" accept=\".jpg\" aria-invalid=\"false\" \/><\/span><\/label>\n<\/div>\n<div class=\"col-md-12\">\n<button type=\"submit\" class=\"wpcf7-form-control wpcf7-submit\">Enviar formulario<\/button>\n<\/div>\n<div class=\"wpcf7-response-output\" aria-hidden=\"true\"><\/div><\/form><\/div>[\/vc_column_text][\/vc_column][vc_column width=&#8221;1\/3&#8243;][vc_column_text css=&#8221;.vc_custom_1638441997295{margin-bottom: 10px !important;}&#8221;]<\/p>\n<h3 style=\"font-weight: bold; margin-bottom: 5px;\">Proyecto:<\/h3>\n<p>[\/vc_column_text][vc_column_text css=&#8221;.vc_custom_1642159232754{margin-bottom: 30px !important;}&#8221;]<\/p>\n<p class=\"p1\">Nuestras redes de proteccion son unas mallas consistentes de monofilamento de poliamida transparente de alta resistencia, con un tratamiento anti rayos UV, que no necesita ni limpieza ni mantenimiento. Muy resistentes. Soportan desde 120 kg\/m\u00b2 hasta 300kg\/m\u00b2.<\/p>\n<p>[\/vc_column_text][vc_column_text css=&#8221;.vc_custom_1638441969043{margin-bottom: 50px !important;}&#8221;]<\/p>\n<ul type=\"none\">\n<li><i class=\"fa fa-wrench\" style=\"color: #eac319; margin-right: 10px;\"><\/i>Seguridad para tus hijos<\/li>\n<li><i class=\"fa fa-wrench\" style=\"color: #eac319; margin-right: 10px;\"><\/i>Seguridad para tus mascotas<\/li>\n<li><i class=\"fa fa-wrench\" style=\"color: #eac319; margin-right: 10px;\"><\/i>Invisibles<\/li>\n<li><i class=\"fa fa-wrench\" style=\"color: #eac319; margin-right: 10px;\"><\/i>No altera el dise\u00f1o, ni disminuye la luz<\/li>\n<li><i class=\"fa fa-wrench\" style=\"color: #eac319; margin-right: 10px;\"><\/i>Muy resistentes<\/li>\n<li><i class=\"fa fa-wrench\" style=\"color: #eac319; margin-right: 10px;\"><\/i>Sin necesidad de mantenimiento ni limpieza<\/li>\n<li><i class=\"fa fa-wrench\" style=\"color: #eac319; margin-right: 10px;\"><\/i>Garant\u00eda de 3 a\u00f1os<\/li>\n<\/ul>\n<p>[\/vc_column_text][\/vc_column][\/vc_row][vc_row full_width=&#8221;stretch_row&#8221; css=&#8221;.vc_custom_1638862589768{margin-bottom: 0px !important;padding-top: 20px !important;padding-bottom: 20px !important;background-image: url(http:\/\/www.redsolutions.es\/web\/wp-content\/uploads\/2021\/12\/03-scaled.jpg?id=3573) !important;background-position: 0 0 !important;background-repeat: no-repeat !important;}&#8221;][vc_column width=&#8221;1\/2&#8243;][vc_tta_accordion style=&#8221;flat&#8221; shape=&#8221;square&#8221; color=&#8221;chino&#8221; c_position=&#8221;right&#8221; active_section=&#8221;1&#8243; no_fill=&#8221;true&#8221; collapsible_all=&#8221;true&#8221; el_class=&#8221;accordion-services&#8221;][vc_tta_section title=&#8221;\u00bfCu\u00e1nto resiste la red?&#8221; tab_id=&#8221;1582123745219-c95770f4-0603&#8243;][vc_column_text]Una de las propiedades fundamentales de la red es la elasticidad del conjunto que permite conservar su aspecto inicial luego de una deformaci\u00f3n accidental. Seg\u00fan pruebas de esfuerzo en Laboratorio de Ensayos Mec\u00e1nicos la red pierde parte de su elasticidad ante una carga vertical de 200kg aplicada en un metro cuadrado. La carga de rotura es a\u00fan muy superior.[\/vc_column_text][\/vc_tta_section][vc_tta_section title=&#8221;\u00bfVale la red para mascotas?&#8221; tab_id=&#8221;1582123745250-c036a905-f276&#8243;][vc_column_text]Todas las consideraciones hechas para ni\u00f1os son v\u00e1lidas para mascotas, por lo general gatos. El material de fabricaci\u00f3n es totalmente inerte y al cabo de unos minutos de montada la red, las mascotas pierden el inter\u00e9s por roer las fibras. Tampoco pueden trepar por ellas debido a que la trama es m\u00e1s abierta de lo habitual.[\/vc_column_text][\/vc_tta_section][vc_tta_section title=&#8221;\u00bfSe puede fijar la red a paredes huecas o flojas?&#8221; tab_id=&#8221;1582123745282-71c1a8fb-982f&#8221;][vc_column_text]Hoy existen piezas de fijaci\u00f3n para todo tipo de materiales y condiciones. Ladrillo, hormig\u00f3n, piedra, metal, paredes macizas, huecas, paneles compuestos, fachadas ventiladas, etc. Si por el contrario la superficie es floja o no ofrece las suficientes garant\u00edas para un correcto anclaje, se dispone en estos casos de barras, marcos o m\u00e1stiles en su lugar.[\/vc_column_text][\/vc_tta_section][\/vc_tta_accordion][\/vc_column][vc_column width=&#8221;1\/2&#8243;][vc_tta_accordion style=&#8221;flat&#8221; shape=&#8221;square&#8221; color=&#8221;chino&#8221; c_position=&#8221;right&#8221; active_section=&#8221;1&#8243; no_fill=&#8221;true&#8221; el_class=&#8221;accordion-services&#8221;][vc_tta_section title=&#8221;\u00bfPuede un ni\u00f1o cortar la red?&#8221; tab_id=&#8221;1575448782569-6957e7ab-2b4a&#8221;][vc_column_text]La red no puede cortarse con los utensilios que habitualmente est\u00e1n a disposici\u00f3n de los ni\u00f1os en el hogar. De todas formas revise nuestro informe sobre medidas de prevenci\u00f3n en el hogar.[\/vc_column_text][\/vc_tta_section][vc_tta_section title=&#8221;\u00bfC\u00f3mo pido asesoramiento?&#8221; tab_id=&#8221;1575448782544-8f7c1427-8c5b&#8221;][vc_column_text]A trav\u00e9s de nuestro formulario o los tel\u00e9fonos de contacto se acuerda una cita en su domicilio para valorar cada caso en forma particular. Una vez decidido el sistema de montaje, seg\u00fan los condicionantes que se hayan presentado, se elabora un presupuesto. Al cabo de unos d\u00edas puede tener las redes brind\u00e1ndole toda la seguridad.[\/vc_column_text][\/vc_tta_section][vc_tta_section title=&#8221;\u00bfDisponen de montadores?&#8221; tab_id=&#8221;1575450933124-ed56b437-73e2&#8243;][vc_column_text]Ofrecemos asesoramiento, dise\u00f1o, optimizaci\u00f3n de costes, montaje y servicio de mantenimiento postventa. Una vez montada la red ofrecemos sin costo adicional, una visita a la vivienda cada dieciocho meses para verificar el estado de la red y el sistema de fijaci\u00f3n.[\/vc_column_text][\/vc_tta_section][\/vc_tta_accordion][\/vc_column][\/vc_row]<\/p>\n","protected":false},"excerpt":{"rendered":"<p>[vc_row full_width=&#8221;stretch_row&#8221; css=&#8221;.vc_custom_1638862649897{margin-bottom: 0px !important;padding-bottom: 5px !important;background-image: url(http:\/\/www.redsolutions.es\/web\/wp-content\/uploads\/2021\/12\/03-scaled.jpg?id=3573) !important;background-position: 0 0 !important;background-repeat: no-repeat !important;}&#8221;][vc_column width=&#8221;1\/2&#8243; css=&#8221;.vc_custom_1575446929616{padding-top: 30px !important;padding-right: 45px !important;padding-bottom: 30px !important;}&#8221;][vc_empty_space height=&#8221;40px&#8221;][vc_column_text] Intervenci\u00f3n en vivienda Montecarmelo [\/vc_column_text][vc_column_text css=&#8221;.vc_custom_1642169455629{margin-bottom: 10px !important;}&#8221;]Las mallas de protecci\u00f3n en las terrazas garantizan seguridad total [&hellip;]<\/p>\n","protected":false},"author":1,"featured_media":3729,"parent":327,"menu_order":0,"comment_status":"closed","ping_status":"closed","template":"","meta":{"footnotes":""},"class_list":["post-413","page","type-page","status-publish","has-post-thumbnail","hentry"],"yoast_head":"<!-- This site is optimized with the Yoast SEO plugin v24.8 - https:\/\/yoast.com\/wordpress\/plugins\/seo\/ -->\n<title>Terraza en Montecarmelo (Madrid) - Redsolutions<\/title>\n<meta name=\"description\" content=\"Terraza en Montecarmelo (Madrid) - Expertos en instalaci\u00f3n de redes de seguridad para proteger tu hogar.\" \/>\n<meta name=\"robots\" content=\"index, follow, max-snippet:-1, max-image-preview:large, max-video-preview:-1\" \/>\n<link rel=\"canonical\" href=\"http:\/\/www.redsolutions.es\/web\/projects\/terraza-montecarmelo\/\" \/>\n<meta property=\"og:locale\" content=\"es_ES\" \/>\n<meta property=\"og:type\" content=\"article\" \/>\n<meta property=\"og:title\" content=\"Terraza en Montecarmelo (Madrid) - Redsolutions\" \/>\n<meta property=\"og:description\" content=\"Terraza en Montecarmelo (Madrid) - Expertos en instalaci\u00f3n de redes de seguridad para proteger tu hogar.\" \/>\n<meta property=\"og:url\" content=\"http:\/\/www.redsolutions.es\/web\/projects\/terraza-montecarmelo\/\" \/>\n<meta property=\"og:site_name\" content=\"Redsolutions\" \/>\n<meta property=\"article:modified_time\" content=\"2022-01-14T14:52:37+00:00\" \/>\n<meta property=\"og:image\" content=\"http:\/\/www.redsolutions.es\/web\/wp-content\/uploads\/2022\/01\/Large_Montecarmelo_06.jpg\" \/>\n\t<meta property=\"og:image:width\" content=\"1428\" \/>\n\t<meta property=\"og:image:height\" content=\"972\" \/>\n\t<meta property=\"og:image:type\" content=\"image\/jpeg\" \/>\n<meta name=\"twitter:card\" content=\"summary_large_image\" \/>\n<meta name=\"twitter:label1\" content=\"Tiempo de lectura\" \/>\n\t<meta name=\"twitter:data1\" content=\"5 minutos\" \/>\n<script type=\"application\/ld+json\" class=\"yoast-schema-graph\">{\"@context\":\"https:\/\/schema.org\",\"@graph\":[{\"@type\":\"WebPage\",\"@id\":\"http:\/\/www.redsolutions.es\/web\/projects\/terraza-montecarmelo\/\",\"url\":\"http:\/\/www.redsolutions.es\/web\/projects\/terraza-montecarmelo\/\",\"name\":\"Terraza en Montecarmelo (Madrid) - Redsolutions\",\"isPartOf\":{\"@id\":\"http:\/\/www.redsolutions.es\/web\/#website\"},\"primaryImageOfPage\":{\"@id\":\"http:\/\/www.redsolutions.es\/web\/projects\/terraza-montecarmelo\/#primaryimage\"},\"image\":{\"@id\":\"http:\/\/www.redsolutions.es\/web\/projects\/terraza-montecarmelo\/#primaryimage\"},\"thumbnailUrl\":\"http:\/\/www.redsolutions.es\/web\/wp-content\/uploads\/2022\/01\/Large_Montecarmelo_06.jpg\",\"datePublished\":\"2018-11-29T14:12:59+00:00\",\"dateModified\":\"2022-01-14T14:52:37+00:00\",\"description\":\"Terraza en Montecarmelo (Madrid) - Expertos en instalaci\u00f3n de redes de seguridad para proteger tu hogar.\",\"breadcrumb\":{\"@id\":\"http:\/\/www.redsolutions.es\/web\/projects\/terraza-montecarmelo\/#breadcrumb\"},\"inLanguage\":\"es\",\"potentialAction\":[{\"@type\":\"ReadAction\",\"target\":[\"http:\/\/www.redsolutions.es\/web\/projects\/terraza-montecarmelo\/\"]}]},{\"@type\":\"ImageObject\",\"inLanguage\":\"es\",\"@id\":\"http:\/\/www.redsolutions.es\/web\/projects\/terraza-montecarmelo\/#primaryimage\",\"url\":\"http:\/\/www.redsolutions.es\/web\/wp-content\/uploads\/2022\/01\/Large_Montecarmelo_06.jpg\",\"contentUrl\":\"http:\/\/www.redsolutions.es\/web\/wp-content\/uploads\/2022\/01\/Large_Montecarmelo_06.jpg\",\"width\":1428,\"height\":972},{\"@type\":\"BreadcrumbList\",\"@id\":\"http:\/\/www.redsolutions.es\/web\/projects\/terraza-montecarmelo\/#breadcrumb\",\"itemListElement\":[{\"@type\":\"ListItem\",\"position\":1,\"name\":\"Portada\",\"item\":\"http:\/\/www.redsolutions.es\/web\/\"},{\"@type\":\"ListItem\",\"position\":2,\"name\":\"Projects\",\"item\":\"http:\/\/www.redsolutions.es\/web\/projects\/\"},{\"@type\":\"ListItem\",\"position\":3,\"name\":\"Terraza en Montecarmelo (Madrid)\"}]},{\"@type\":\"WebSite\",\"@id\":\"http:\/\/www.redsolutions.es\/web\/#website\",\"url\":\"http:\/\/www.redsolutions.es\/web\/\",\"name\":\"Redsolutions\",\"description\":\"Redes de proteccion en ventanas, balcones y terrazas.\",\"potentialAction\":[{\"@type\":\"SearchAction\",\"target\":{\"@type\":\"EntryPoint\",\"urlTemplate\":\"http:\/\/www.redsolutions.es\/web\/?s={search_term_string}\"},\"query-input\":{\"@type\":\"PropertyValueSpecification\",\"valueRequired\":true,\"valueName\":\"search_term_string\"}}],\"inLanguage\":\"es\"}]}<\/script>\n<!-- \/ Yoast SEO plugin. -->","yoast_head_json":{"title":"Terraza en Montecarmelo (Madrid) - Redsolutions","description":"Terraza en Montecarmelo (Madrid) - Expertos en instalaci\u00f3n de redes de seguridad para proteger tu hogar.","robots":{"index":"index","follow":"follow","max-snippet":"max-snippet:-1","max-image-preview":"max-image-preview:large","max-video-preview":"max-video-preview:-1"},"canonical":"http:\/\/www.redsolutions.es\/web\/projects\/terraza-montecarmelo\/","og_locale":"es_ES","og_type":"article","og_title":"Terraza en Montecarmelo (Madrid) - Redsolutions","og_description":"Terraza en Montecarmelo (Madrid) - Expertos en instalaci\u00f3n de redes de seguridad para proteger tu hogar.","og_url":"http:\/\/www.redsolutions.es\/web\/projects\/terraza-montecarmelo\/","og_site_name":"Redsolutions","article_modified_time":"2022-01-14T14:52:37+00:00","og_image":[{"width":1428,"height":972,"url":"http:\/\/www.redsolutions.es\/web\/wp-content\/uploads\/2022\/01\/Large_Montecarmelo_06.jpg","type":"image\/jpeg"}],"twitter_card":"summary_large_image","twitter_misc":{"Tiempo de lectura":"5 minutos"},"schema":{"@context":"https:\/\/schema.org","@graph":[{"@type":"WebPage","@id":"http:\/\/www.redsolutions.es\/web\/projects\/terraza-montecarmelo\/","url":"http:\/\/www.redsolutions.es\/web\/projects\/terraza-montecarmelo\/","name":"Terraza en Montecarmelo (Madrid) - Redsolutions","isPartOf":{"@id":"http:\/\/www.redsolutions.es\/web\/#website"},"primaryImageOfPage":{"@id":"http:\/\/www.redsolutions.es\/web\/projects\/terraza-montecarmelo\/#primaryimage"},"image":{"@id":"http:\/\/www.redsolutions.es\/web\/projects\/terraza-montecarmelo\/#primaryimage"},"thumbnailUrl":"http:\/\/www.redsolutions.es\/web\/wp-content\/uploads\/2022\/01\/Large_Montecarmelo_06.jpg","datePublished":"2018-11-29T14:12:59+00:00","dateModified":"2022-01-14T14:52:37+00:00","description":"Terraza en Montecarmelo (Madrid) - Expertos en instalaci\u00f3n de redes de seguridad para proteger tu hogar.","breadcrumb":{"@id":"http:\/\/www.redsolutions.es\/web\/projects\/terraza-montecarmelo\/#breadcrumb"},"inLanguage":"es","potentialAction":[{"@type":"ReadAction","target":["http:\/\/www.redsolutions.es\/web\/projects\/terraza-montecarmelo\/"]}]},{"@type":"ImageObject","inLanguage":"es","@id":"http:\/\/www.redsolutions.es\/web\/projects\/terraza-montecarmelo\/#primaryimage","url":"http:\/\/www.redsolutions.es\/web\/wp-content\/uploads\/2022\/01\/Large_Montecarmelo_06.jpg","contentUrl":"http:\/\/www.redsolutions.es\/web\/wp-content\/uploads\/2022\/01\/Large_Montecarmelo_06.jpg","width":1428,"height":972},{"@type":"BreadcrumbList","@id":"http:\/\/www.redsolutions.es\/web\/projects\/terraza-montecarmelo\/#breadcrumb","itemListElement":[{"@type":"ListItem","position":1,"name":"Portada","item":"http:\/\/www.redsolutions.es\/web\/"},{"@type":"ListItem","position":2,"name":"Projects","item":"http:\/\/www.redsolutions.es\/web\/projects\/"},{"@type":"ListItem","position":3,"name":"Terraza en Montecarmelo (Madrid)"}]},{"@type":"WebSite","@id":"http:\/\/www.redsolutions.es\/web\/#website","url":"http:\/\/www.redsolutions.es\/web\/","name":"Redsolutions","description":"Redes de proteccion en ventanas, balcones y terrazas.","potentialAction":[{"@type":"SearchAction","target":{"@type":"EntryPoint","urlTemplate":"http:\/\/www.redsolutions.es\/web\/?s={search_term_string}"},"query-input":{"@type":"PropertyValueSpecification","valueRequired":true,"valueName":"search_term_string"}}],"inLanguage":"es"}]}},"_links":{"self":[{"href":"http:\/\/www.redsolutions.es\/web\/wp-json\/wp\/v2\/pages\/413","targetHints":{"allow":["GET"]}}],"collection":[{"href":"http:\/\/www.redsolutions.es\/web\/wp-json\/wp\/v2\/pages"}],"about":[{"href":"http:\/\/www.redsolutions.es\/web\/wp-json\/wp\/v2\/types\/page"}],"author":[{"embeddable":true,"href":"http:\/\/www.redsolutions.es\/web\/wp-json\/wp\/v2\/users\/1"}],"replies":[{"embeddable":true,"href":"http:\/\/www.redsolutions.es\/web\/wp-json\/wp\/v2\/comments?post=413"}],"version-history":[{"count":45,"href":"http:\/\/www.redsolutions.es\/web\/wp-json\/wp\/v2\/pages\/413\/revisions"}],"predecessor-version":[{"id":3744,"href":"http:\/\/www.redsolutions.es\/web\/wp-json\/wp\/v2\/pages\/413\/revisions\/3744"}],"up":[{"embeddable":true,"href":"http:\/\/www.redsolutions.es\/web\/wp-json\/wp\/v2\/pages\/327"}],"wp:featuredmedia":[{"embeddable":true,"href":"http:\/\/www.redsolutions.es\/web\/wp-json\/wp\/v2\/media\/3729"}],"wp:attachment":[{"href":"http:\/\/www.redsolutions.es\/web\/wp-json\/wp\/v2\/media?parent=413"}],"curies":[{"name":"wp","href":"https:\/\/api.w.org\/{rel}","templated":true}]}}