{"id":3254,"date":"2020-04-15T11:09:56","date_gmt":"2020-04-15T11:09:56","guid":{"rendered":"https:\/\/pilon.modeltheme.com\/?page_id=3254"},"modified":"2025-05-07T20:26:00","modified_gmt":"2025-05-07T20:26:00","slug":"solar-panels-factory","status":"publish","type":"page","link":"http:\/\/www.redsolutions.es\/web\/","title":{"rendered":"Home"},"content":{"rendered":"<p>[vc_row full_width=&#8221;stretch_row&#8221; css=&#8221;.vc_custom_1638860741680{margin-top: 80px !important;margin-bottom: 0px !important;}&#8221;][vc_column][vc_row_inner css=&#8221;.vc_custom_1580722706128{margin-bottom: 50px !important;}&#8221;][vc_column_inner]<div class=\"title-subtile-holder  animateIn text_center\" data-animate=\"no_animation\"><h2 style=\"\" class=\"section-title dark_title\">La seguridad de tu familia es tu tranquilidad...<\/h2><h2 style=\"\" class=\"section-title absolute section-title-opacity dark_subtitle\">PRODUCTOS<\/h2><\/div>[\/vc_column_inner][\/vc_row_inner][vc_row_inner css=&#8221;.vc_custom_1580722771841{margin-top: 0px !important;margin-bottom: 0px !important;}&#8221;][vc_column_inner width=&#8221;1\/3&#8243;]<div class=\"thumbnail animateIn\" data-animate=\"\"><img decoding=\"async\" data-holder-rendered=\"true\" src=\"http:\/\/www.redsolutions.es\/web\/wp-content\/uploads\/2021\/12\/03-scaled.jpg\" data-src=\"http:\/\/www.redsolutions.es\/web\/wp-content\/uploads\/2021\/12\/03-scaled.jpg\" alt=\"HOGAR\"><div class=\"caption custom_content\"><h3 class=\"custom_content_title\">HOGAR<\/h3><p>Protege las ventanas, balcones y terrazas de tu hogar de manera est\u00e9tica, segura y econ\u00f3mica...<\/p><p><a href=\"http:\/\/www.redsolutions.es\/web\/proteccion-para-el-hogar\/\" class=\"btn btn-custom-content\" role=\"button\">LEER M\u00c1S<\/a><\/p><\/div><\/div>[\/vc_column_inner][vc_column_inner width=&#8221;1\/3&#8243;]<div class=\"thumbnail animateIn\" data-animate=\"\"><img decoding=\"async\" data-holder-rendered=\"true\" src=\"http:\/\/www.redsolutions.es\/web\/wp-content\/uploads\/2022\/01\/proteccion_bebes_04.jpg\" data-src=\"http:\/\/www.redsolutions.es\/web\/wp-content\/uploads\/2022\/01\/proteccion_bebes_04.jpg\" alt=\"NI\u00d1OS\"><div class=\"caption custom_content\"><h3 class=\"custom_content_title\">NI\u00d1OS<\/h3><p>Protege a los ni\u00f1os en la etapa de exploraci\u00f3n a partir del gateo y crecimiento en autonom\u00eda...<\/p><p><a href=\"http:\/\/www.redsolutions.es\/web\/proteccion-ninos\/\" class=\"btn btn-custom-content\" role=\"button\">LEER M\u00c1S<\/a><\/p><\/div><\/div>[\/vc_column_inner][vc_column_inner width=&#8221;1\/3&#8243;]<div class=\"thumbnail animateIn\" data-animate=\"\"><img decoding=\"async\" data-holder-rendered=\"true\" src=\"http:\/\/www.redsolutions.es\/web\/wp-content\/uploads\/2022\/01\/mascotas.jpg\" data-src=\"http:\/\/www.redsolutions.es\/web\/wp-content\/uploads\/2022\/01\/mascotas.jpg\" alt=\"MASCOTAS\"><div class=\"caption custom_content\"><h3 class=\"custom_content_title\">MASCOTAS<\/h3><p>Para evitar ca\u00eddas nuestra propuesta de cerramiento es la alternativa para mantenerlos a salvo...<\/p><p><a href=\"http:\/\/www.redsolutions.es\/web\/proteccion-mascotas\/\" class=\"btn btn-custom-content\" role=\"button\">LEER M\u00c1S<\/a><\/p><\/div><\/div>[\/vc_column_inner][\/vc_row_inner][\/vc_column][\/vc_row][vc_row full_width=&#8221;stretch_row&#8221; css=&#8221;.vc_custom_1638861439956{margin-bottom: 0px !important;}&#8221;][vc_column css=&#8221;.vc_custom_1638861315361{padding-top: 20px !important;background-color: #ffffff !important;}&#8221;][vc_row_inner css=&#8221;.vc_custom_1580722915615{margin-bottom: 50px !important;}&#8221;][vc_column_inner css=&#8221;.vc_custom_1638861509081{padding-top: 40px !important;}&#8221;]<div class=\"title-subtile-holder  animateIn text_center\" data-animate=\"no_animation\"><h2 style=\"\" class=\"section-title dark_title\">Protecci\u00f3n para ni\u00f1os y mascotas con redes de seguridad<\/h2><h2 style=\"\" class=\"section-title absolute section-title-opacity dark_subtitle\">SOLUCIONES<\/h2><\/div>[\/vc_column_inner][\/vc_row_inner][vc_row_inner css=&#8221;.vc_custom_1578385665227{margin-bottom: 65px !important;}&#8221;][vc_column_inner width=&#8221;1\/3&#8243;]<a href=\"\" class=\"mt_thumbnails_custom_content_link \"><div class=\"mt_thumbnails_custom_content_link_content\" data-animate=\"\" style=\"text-align:center\"><img decoding=\"async\" data-holder-rendered=\"true\" src=\"http:\/\/www.redsolutions.es\/web\/wp-content\/uploads\/2022\/01\/icon_03-3_blue.png\" data-src=\"http:\/\/www.redsolutions.es\/web\/wp-content\/uploads\/2022\/01\/icon_03-3_blue.png\" alt=\"\"><div class=\"caption\"><p>RESISTENTE. Protecci\u00f3n con redes de poliamida transparente de alta resistencia. Soporta cambios de temperatura y cargas de 120 a 300 kg.<\/p><\/div><\/div><\/a>[\/vc_column_inner][vc_column_inner width=&#8221;1\/3&#8243;]<a href=\"\" class=\"mt_thumbnails_custom_content_link \"><div class=\"mt_thumbnails_custom_content_link_content\" data-animate=\"\" style=\"text-align:center\"><img decoding=\"async\" data-holder-rendered=\"true\" src=\"http:\/\/www.redsolutions.es\/web\/wp-content\/uploads\/2022\/01\/icon_03-1_blue-1.png\" data-src=\"http:\/\/www.redsolutions.es\/web\/wp-content\/uploads\/2022\/01\/icon_03-1_blue-1.png\" alt=\"\"><div class=\"caption\"><p>ECON\u00d3MICA. La soluci\u00f3n m\u00e1s econ\u00f3mica y est\u00e9tica desde 60\u20ac. Garant\u00eda de seguridad y protecci\u00f3n de 3 a\u00f1os. Instalaci\u00f3n inclu\u00edda.<\/p><\/div><\/div><\/a>[\/vc_column_inner][vc_column_inner width=&#8221;1\/3&#8243;]<a href=\"\" class=\"mt_thumbnails_custom_content_link \"><div class=\"mt_thumbnails_custom_content_link_content\" data-animate=\"\" style=\"text-align:center\"><img decoding=\"async\" data-holder-rendered=\"true\" src=\"http:\/\/www.redsolutions.es\/web\/wp-content\/uploads\/2022\/01\/icon_03-2_blue-1.png\" data-src=\"http:\/\/www.redsolutions.es\/web\/wp-content\/uploads\/2022\/01\/icon_03-2_blue-1.png\" alt=\"\"><div class=\"caption\"><p>INVISIBLE. No altera el dise\u00f1o ni disminuye la luz. Perfecta tensi\u00f3n y transparencia. Instalaci\u00f3n r\u00e1pida y sin necesidad de obras en la vivienda.<\/p><\/div><\/div><\/a>[\/vc_column_inner][\/vc_row_inner][vc_btn title=&#8221;Escr\u00edbenos&#8221; align=&#8221;center&#8221; link=&#8221;url:http%3A%2F%2Fwww.redsolutions.es%2Fweb%2Fcontacto%2F|title:Contacto&#8221;][\/vc_column][\/vc_row][vc_row css=&#8221;.vc_custom_1638853651655{margin-bottom: 5px !important;padding-top: 55px !important;}&#8221;][vc_column][vc_row_inner css=&#8221;.vc_custom_1580720075368{margin-bottom: 50px !important;}&#8221;][vc_column_inner]<div class=\"title-subtile-holder  animateIn text_center\" data-animate=\"no_animation\"><h2 style=\"\" class=\"section-title dark_title\">Mallas para gatos e instalaci\u00f3n de redes de seguridad<\/h2><h2 style=\"\" class=\"section-title absolute section-title-opacity dark_subtitle\">TRABAJOS RECIENTES<\/h2><\/div>[\/vc_column_inner][\/vc_row_inner][vc_row_inner css=&#8221;.vc_custom_1580728639546{margin-bottom: 20px !important;}&#8221;][vc_column_inner width=&#8221;1\/4&#8243;]<div class=\"thumbnail animateIn\" data-animate=\"\"><img decoding=\"async\" data-holder-rendered=\"true\" src=\"http:\/\/www.redsolutions.es\/web\/wp-content\/uploads\/2022\/01\/THUB_01.jpg\" data-src=\"http:\/\/www.redsolutions.es\/web\/wp-content\/uploads\/2022\/01\/THUB_01.jpg\" alt=\"Terraza Alameda\"><div class=\"caption custom_content\"><h3 class=\"custom_content_title\">Terraza Alameda<\/h3><p><a href=\"http:\/\/www.redsolutions.es\/web\/projects\/terraza-en-paseo-de-la-alameda\/\" class=\"btn btn-custom-content\" role=\"button\">Ver<\/a><\/p><\/div><\/div><div class=\"thumbnail animateIn\" data-animate=\"\"><img decoding=\"async\" data-holder-rendered=\"true\" src=\"http:\/\/www.redsolutions.es\/web\/wp-content\/uploads\/2022\/01\/Large_Arena_07.jpg\" data-src=\"http:\/\/www.redsolutions.es\/web\/wp-content\/uploads\/2022\/01\/Large_Arena_07.jpg\" alt=\"Terraza 12m\u00b2\"><div class=\"caption custom_content\"><h3 class=\"custom_content_title\">Terraza 12m\u00b2<\/h3><p><a href=\"http:\/\/www.redsolutions.es\/web\/projects\/terraza-en-zona-arena\/\" class=\"btn btn-custom-content\" role=\"button\">Ver<\/a><\/p><\/div><\/div>[\/vc_column_inner][vc_column_inner width=&#8221;1\/4&#8243;]<div class=\"thumbnail animateIn\" data-animate=\"\"><img decoding=\"async\" data-holder-rendered=\"true\" src=\"http:\/\/www.redsolutions.es\/web\/wp-content\/uploads\/2022\/01\/THUB_05C.jpg\" data-src=\"http:\/\/www.redsolutions.es\/web\/wp-content\/uploads\/2022\/01\/THUB_05C.jpg\" alt=\"Terraza Tavernes\"><div class=\"caption custom_content\"><h3 class=\"custom_content_title\">Terraza Tavernes<\/h3><p><a href=\"http:\/\/www.redsolutions.es\/web\/projects\/terraza-en-zona-arena\/\" class=\"btn btn-custom-content\" role=\"button\">Ver<\/a><\/p><\/div><\/div><div class=\"thumbnail animateIn\" data-animate=\"\"><img decoding=\"async\" data-holder-rendered=\"true\" src=\"http:\/\/www.redsolutions.es\/web\/wp-content\/uploads\/2022\/01\/Large_Patio_Terraza_03.jpg\" data-src=\"http:\/\/www.redsolutions.es\/web\/wp-content\/uploads\/2022\/01\/Large_Patio_Terraza_03.jpg\" alt=\"Patio 40m\u00b2\"><div class=\"caption custom_content\"><h3 class=\"custom_content_title\">Patio 40m\u00b2<\/h3><p><a href=\"http:\/\/www.redsolutions.es\/web\/projects\/patio-terraza\/\" class=\"btn btn-custom-content\" role=\"button\">Ver<\/a><\/p><\/div><\/div>[\/vc_column_inner][vc_column_inner width=&#8221;1\/4&#8243;]<div class=\"thumbnail animateIn\" data-animate=\"\"><img decoding=\"async\" data-holder-rendered=\"true\" src=\"http:\/\/www.redsolutions.es\/web\/wp-content\/uploads\/2022\/01\/THUB_03.jpg\" data-src=\"http:\/\/www.redsolutions.es\/web\/wp-content\/uploads\/2022\/01\/THUB_03.jpg\" alt=\"Terraza 16m\u00b2\"><div class=\"caption custom_content\"><h3 class=\"custom_content_title\">Terraza 16m\u00b2<\/h3><p><a href=\"http:\/\/www.redsolutions.es\/web\/projects\/terraza-montecarmelo\/\" class=\"btn btn-custom-content\" role=\"button\">Ver<\/a><\/p><\/div><\/div><div class=\"thumbnail animateIn\" data-animate=\"\"><img decoding=\"async\" data-holder-rendered=\"true\" src=\"http:\/\/www.redsolutions.es\/web\/wp-content\/uploads\/2022\/01\/Large_Colmenar_02.jpg\" data-src=\"http:\/\/www.redsolutions.es\/web\/wp-content\/uploads\/2022\/01\/Large_Colmenar_02.jpg\" alt=\"Terraza 18m\u00b2\"><div class=\"caption custom_content\"><h3 class=\"custom_content_title\">Terraza 18m\u00b2<\/h3><p><a href=\"http:\/\/www.redsolutions.es\/web\/projects\/terraza-en-colmenar-viejo\/\" class=\"btn btn-custom-content\" role=\"button\">Ver<\/a><\/p><\/div><\/div>[\/vc_column_inner][vc_column_inner width=&#8221;1\/4&#8243;]<div class=\"thumbnail animateIn\" data-animate=\"\"><img decoding=\"async\" data-holder-rendered=\"true\" src=\"http:\/\/www.redsolutions.es\/web\/wp-content\/uploads\/2022\/01\/THUB_04.jpg\" data-src=\"http:\/\/www.redsolutions.es\/web\/wp-content\/uploads\/2022\/01\/THUB_04.jpg\" alt=\"Terraza 35m\u00b2\"><div class=\"caption custom_content\"><h3 class=\"custom_content_title\">Terraza 35m\u00b2<\/h3><p><a href=\"http:\/\/www.redsolutions.es\/web\/projects\/terraza-en-oropesa\/\" class=\"btn btn-custom-content\" role=\"button\">Ver<\/a><\/p><\/div><\/div><div class=\"thumbnail animateIn\" data-animate=\"\"><img decoding=\"async\" data-holder-rendered=\"true\" src=\"http:\/\/www.redsolutions.es\/web\/wp-content\/uploads\/2022\/01\/Large_Terraza_Descubierta_02.jpg\" data-src=\"http:\/\/www.redsolutions.es\/web\/wp-content\/uploads\/2022\/01\/Large_Terraza_Descubierta_02.jpg\" alt=\"Terraza 30m\u00b2\"><div class=\"caption custom_content\"><h3 class=\"custom_content_title\">Terraza 30m\u00b2<\/h3><p><a href=\"http:\/\/www.redsolutions.es\/web\/projects\/terraza-descubierta\/\" class=\"btn btn-custom-content\" role=\"button\">Ver<\/a><\/p><\/div><\/div>[\/vc_column_inner][\/vc_row_inner][\/vc_column][\/vc_row][vc_row full_width=&#8221;stretch_row&#8221; css=&#8221;.vc_custom_1580720140143{margin-top: 0px !important;margin-bottom: 0px !important;padding-top: 0px !important;padding-bottom: 50px !important;}&#8221;][vc_column css=&#8221;.vc_custom_1580728698176{padding-top: 0px !important;}&#8221;][vc_empty_space height=&#8221;40px&#8221;]<div class=\"title-subtile-holder  animateIn text_center\" data-animate=\"no_animation\"><h2 style=\"\" class=\"section-title dark_title\">Escr\u00edbanos rellenando el siguiente formulario...<\/h2><h2 style=\"\" class=\"section-title absolute section-title-opacity dark_subtitle\">CONT\u00c1CTANOS<\/h2><\/div>[\/vc_column][\/vc_row][vc_row css=&#8221;.vc_custom_1580720222600{padding-bottom: 20px !important;}&#8221;][vc_column width=&#8221;1\/2&#8243;][vc_row_inner el_class=&#8221;home-social&#8221; css=&#8221;.vc_custom_1575285684749{margin-right: 0px !important;margin-bottom: 0px !important;margin-left: 0px !important;padding-top: 20px !important;}&#8221;][vc_column_inner width=&#8221;1\/2&#8243;]<div class=\"mt-icon-list-item\"><div class=\"mt-icon-list-icon-holder\">\n                  <div class=\"mt-icon-list-icon-holder-inner clearfix\"><i style=\"margin-right:15px; color:#b99c83;font-size:45px\" class=\"fa fa-mobile-phone\"><\/i><\/div>\n                <\/div>\n                <p class=\"mt-icon-list-text\" style=\"font-size: 17px; color: #b99c83\"><span class=\"value \">Llamadas o whatsapp:<\/span><span class=\"name\">+34 677 093 350<\/span><\/p><\/div>[\/vc_column_inner][vc_column_inner width=&#8221;1\/2&#8243;]<div class=\"mt-icon-list-item\"><div class=\"mt-icon-list-icon-holder\">\n                  <div class=\"mt-icon-list-icon-holder-inner clearfix\"><i style=\"margin-right:15px; color:#b99c83;font-size:40px\" class=\"fa fa-at\"><\/i><\/div>\n                <\/div>\n                <p class=\"mt-icon-list-text\" style=\"font-size: 17px; color: #b99c83\"><span class=\"value \">Email:<\/span><span class=\"name\">info@redsolutions.es<\/span><\/p><\/div>[\/vc_column_inner][\/vc_row_inner][\/vc_column][vc_column width=&#8221;1\/2&#8243; el_class=&#8221;home_get_a_quote&#8221; css=&#8221;.vc_custom_1576149071177{padding-top: 0px !important;padding-right: 30px !important;padding-bottom: 0px !important;padding-left: 0px !important;background-image: url(https:\/\/pilon.modeltheme.com\/wp-content\/uploads\/2019\/12\/contact-us0-1.png?id=2486) !important;background-position: center !important;background-repeat: no-repeat !important;background-size: cover !important;}&#8221;][vc_column_text]<div role=\"form\" class=\"wpcf7\" id=\"wpcf7-f3446-o1\" lang=\"en-US\" dir=\"ltr\">\n<div class=\"screen-reader-response\"><p role=\"status\" aria-live=\"polite\" aria-atomic=\"true\"><\/p> <ul><\/ul><\/div>\n<form action=\"\/web\/wp-json\/wp\/v2\/pages\/3254#wpcf7-f3446-o1\" method=\"post\" class=\"wpcf7-form init\" enctype=\"multipart\/form-data\" novalidate=\"novalidate\" data-status=\"init\">\n<div style=\"display: none;\">\n<input type=\"hidden\" name=\"_wpcf7\" value=\"3446\" \/>\n<input type=\"hidden\" name=\"_wpcf7_version\" value=\"5.5.3\" \/>\n<input type=\"hidden\" name=\"_wpcf7_locale\" value=\"en_US\" \/>\n<input type=\"hidden\" name=\"_wpcf7_unit_tag\" value=\"wpcf7-f3446-o1\" \/>\n<input type=\"hidden\" name=\"_wpcf7_container_post\" value=\"0\" \/>\n<input type=\"hidden\" name=\"_wpcf7_posted_data_hash\" value=\"\" \/>\n<\/div>\n<div class=\"pilon-contact row\">\n<div class=\"col-md-6\">\n<label><span class=\"wpcf7-form-control-wrap first-name\"><input type=\"text\" name=\"first-name\" value=\"\" size=\"40\" class=\"wpcf7-form-control wpcf7-text wpcf7-validates-as-required\" aria-required=\"true\" aria-invalid=\"false\" placeholder=\"Nombre y apellidos\" \/><\/span><\/label>\n<\/div>\n<div class=\"col-md-6\">\n<label><span class=\"wpcf7-form-control-wrap email\"><input type=\"email\" name=\"email\" value=\"\" size=\"40\" class=\"wpcf7-form-control wpcf7-text wpcf7-email wpcf7-validates-as-required wpcf7-validates-as-email\" aria-required=\"true\" aria-invalid=\"false\" placeholder=\"Email\" \/><\/span><\/label>\n<\/div>\n<div class=\"col-md-6\">\n<label><span class=\"wpcf7-form-control-wrap CdigoPostal\"><input type=\"text\" name=\"CdigoPostal\" value=\"\" size=\"40\" class=\"wpcf7-form-control wpcf7-text wpcf7-validates-as-required\" aria-required=\"true\" aria-invalid=\"false\" placeholder=\"C\u00f3digo Postal\" \/><\/span><\/label>\n<\/div>\n<div class=\"col-md-6\">\n<label><span class=\"wpcf7-form-control-wrap telefono\"><input type=\"tel\" name=\"telefono\" value=\"\" size=\"40\" class=\"wpcf7-form-control wpcf7-text wpcf7-tel wpcf7-validates-as-required wpcf7-validates-as-tel\" aria-required=\"true\" aria-invalid=\"false\" placeholder=\"Tel\u00e9fono\" \/><\/span><\/label>\n<\/div>\n<div class=\"col-md-6\">\n<label><span class=\"wpcf7-form-control-wrap last-name\"><input type=\"text\" name=\"last-name\" value=\"\" size=\"40\" class=\"wpcf7-form-control wpcf7-text wpcf7-validates-as-required\" aria-required=\"true\" aria-invalid=\"false\" placeholder=\"Asunto\" \/><\/span><\/label>\n<\/div>\n<div class=\"col-md-6\">\n<label><span class=\"wpcf7-form-control-wrap your-message\"><textarea name=\"your-message\" cols=\"40\" rows=\"10\" class=\"wpcf7-form-control wpcf7-textarea\" aria-invalid=\"false\" placeholder=\"Mensaje\"><\/textarea><\/span><\/label>\n<\/div>\n<div class=\"col-md-12\">Tipo de abertura:<\/div>\n<p><br><br><\/p>\n<div class=\"col-md-12\">\n<span class=\"wpcf7-form-control-wrap Tipodeabertura\"><span class=\"wpcf7-form-control wpcf7-radio\"><span class=\"wpcf7-list-item first\"><label><input type=\"radio\" name=\"Tipodeabertura\" value=\"Balc\u00f3n\" checked=\"checked\" \/><span class=\"wpcf7-list-item-label\">Balc\u00f3n<\/span><\/label><\/span><span class=\"wpcf7-list-item\"><label><input type=\"radio\" name=\"Tipodeabertura\" value=\"Terraza\" \/><span class=\"wpcf7-list-item-label\">Terraza<\/span><\/label><\/span><span class=\"wpcf7-list-item\"><label><input type=\"radio\" name=\"Tipodeabertura\" value=\"Ventana\" \/><span class=\"wpcf7-list-item-label\">Ventana<\/span><\/label><\/span><span class=\"wpcf7-list-item\"><label><input type=\"radio\" name=\"Tipodeabertura\" value=\"Patio\" \/><span class=\"wpcf7-list-item-label\">Patio<\/span><\/label><\/span><span class=\"wpcf7-list-item last\"><label><input type=\"radio\" name=\"Tipodeabertura\" value=\"Otros\" \/><span class=\"wpcf7-list-item-label\">Otros<\/span><\/label><\/span><\/span><\/span>\n<\/div>\n<div class=\"col-md-12\">\n<label><span class=\"wpcf7-form-control-wrap Medidas\"><input type=\"text\" name=\"Medidas\" value=\"\" size=\"40\" class=\"wpcf7-form-control wpcf7-text wpcf7-validates-as-required\" aria-required=\"true\" aria-invalid=\"false\" placeholder=\"Medidas: Largo x ancho x alto\" \/><\/span><\/label>\n<\/div>\n<div class=\"col-md-12\">Adjuntar im\u00e1genes:<\/div>\n<p><br><br><\/p>\n<div class=\"col-md-6\">\n<label><span class=\"wpcf7-form-control-wrap Imagen\"><input type=\"file\" name=\"Imagen\" size=\"40\" class=\"wpcf7-form-control wpcf7-file\" id=\"Adjuntarimagen\" accept=\".jpg\" aria-invalid=\"false\" \/><\/span><\/label>\n<\/div>\n<div class=\"col-md-12\">\n<button type=\"submit\" class=\"wpcf7-form-control wpcf7-submit\">Enviar formulario<\/button>\n<\/div>\n<div class=\"wpcf7-response-output\" aria-hidden=\"true\"><\/div><\/form><\/div>[\/vc_column_text][\/vc_column][\/vc_row]<\/p>\n","protected":false},"excerpt":{"rendered":"<p>[vc_row full_width=&#8221;stretch_row&#8221; css=&#8221;.vc_custom_1638860741680{margin-top: 80px !important;margin-bottom: 0px !important;}&#8221;][vc_column][vc_row_inner css=&#8221;.vc_custom_1580722706128{margin-bottom: 50px !important;}&#8221;][vc_column_inner][\/vc_column_inner][\/vc_row_inner][vc_row_inner css=&#8221;.vc_custom_1580722771841{margin-top: 0px !important;margin-bottom: 0px !important;}&#8221;][vc_column_inner width=&#8221;1\/3&#8243;][\/vc_column_inner][vc_column_inner width=&#8221;1\/3&#8243;][\/vc_column_inner][vc_column_inner width=&#8221;1\/3&#8243;][\/vc_column_inner][\/vc_row_inner][\/vc_column][\/vc_row][vc_row full_width=&#8221;stretch_row&#8221; css=&#8221;.vc_custom_1638861439956{margin-bottom: 0px !important;}&#8221;][vc_column css=&#8221;.vc_custom_1638861315361{padding-top: 20px !important;background-color: #ffffff !important;}&#8221;][vc_row_inner css=&#8221;.vc_custom_1580722915615{margin-bottom: 50px !important;}&#8221;][vc_column_inner css=&#8221;.vc_custom_1638861509081{padding-top: 40px !important;}&#8221;][\/vc_column_inner][\/vc_row_inner][vc_row_inner css=&#8221;.vc_custom_1578385665227{margin-bottom: 65px !important;}&#8221;][vc_column_inner width=&#8221;1\/3&#8243;][\/vc_column_inner][vc_column_inner width=&#8221;1\/3&#8243;][\/vc_column_inner][vc_column_inner width=&#8221;1\/3&#8243;][\/vc_column_inner][\/vc_row_inner][vc_btn title=&#8221;Escr\u00edbenos&#8221; [&hellip;]<\/p>\n","protected":false},"author":1,"featured_media":0,"parent":0,"menu_order":0,"comment_status":"closed","ping_status":"closed","template":"","meta":{"footnotes":""},"class_list":["post-3254","page","type-page","status-publish","hentry"],"yoast_head":"<!-- This site is optimized with the Yoast SEO plugin v24.8 - https:\/\/yoast.com\/wordpress\/plugins\/seo\/ -->\n<title>Redes de seguridad. Instalaci\u00f3n profesional en tu hogar.<\/title>\n<meta name=\"description\" content=\"Expertos en instalaci\u00f3n de redes de seguridad para proteger tu hogar. Contamos con mallas para gatos y redes de protecci\u00f3n confiables.\" \/>\n<meta name=\"robots\" content=\"index, follow, max-snippet:-1, max-image-preview:large, max-video-preview:-1\" \/>\n<link rel=\"canonical\" href=\"http:\/\/www.redsolutions.es\/web\/\" \/>\n<meta property=\"og:locale\" content=\"es_ES\" \/>\n<meta property=\"og:type\" content=\"article\" \/>\n<meta property=\"og:title\" content=\"Redes de seguridad. Instalaci\u00f3n profesional en tu hogar.\" \/>\n<meta property=\"og:description\" content=\"Expertos en instalaci\u00f3n de redes de seguridad para proteger tu hogar. Contamos con mallas para gatos y redes de protecci\u00f3n confiables.\" \/>\n<meta property=\"og:url\" content=\"http:\/\/www.redsolutions.es\/web\/\" \/>\n<meta property=\"og:site_name\" content=\"Redsolutions\" \/>\n<meta property=\"article:modified_time\" content=\"2025-05-07T20:26:00+00:00\" \/>\n<meta name=\"twitter:card\" content=\"summary_large_image\" \/>\n<meta name=\"twitter:label1\" content=\"Tiempo de lectura\" \/>\n\t<meta name=\"twitter:data1\" content=\"5 minutos\" \/>\n<script type=\"application\/ld+json\" class=\"yoast-schema-graph\">{\"@context\":\"https:\/\/schema.org\",\"@graph\":[{\"@type\":\"WebPage\",\"@id\":\"http:\/\/www.redsolutions.es\/web\/\",\"url\":\"http:\/\/www.redsolutions.es\/web\/\",\"name\":\"Redes de seguridad. Instalaci\u00f3n profesional en tu hogar.\",\"isPartOf\":{\"@id\":\"http:\/\/www.redsolutions.es\/web\/#website\"},\"datePublished\":\"2020-04-15T11:09:56+00:00\",\"dateModified\":\"2025-05-07T20:26:00+00:00\",\"description\":\"Expertos en instalaci\u00f3n de redes de seguridad para proteger tu hogar. Contamos con mallas para gatos y redes de protecci\u00f3n confiables.\",\"breadcrumb\":{\"@id\":\"http:\/\/www.redsolutions.es\/web\/#breadcrumb\"},\"inLanguage\":\"es\",\"potentialAction\":[{\"@type\":\"ReadAction\",\"target\":[\"http:\/\/www.redsolutions.es\/web\/\"]}]},{\"@type\":\"BreadcrumbList\",\"@id\":\"http:\/\/www.redsolutions.es\/web\/#breadcrumb\",\"itemListElement\":[{\"@type\":\"ListItem\",\"position\":1,\"name\":\"Portada\",\"item\":\"http:\/\/www.redsolutions.es\/web\/\"},{\"@type\":\"ListItem\",\"position\":2,\"name\":\"Home\"}]},{\"@type\":\"WebSite\",\"@id\":\"http:\/\/www.redsolutions.es\/web\/#website\",\"url\":\"http:\/\/www.redsolutions.es\/web\/\",\"name\":\"Redsolutions\",\"description\":\"Redes de proteccion en ventanas, balcones y terrazas.\",\"potentialAction\":[{\"@type\":\"SearchAction\",\"target\":{\"@type\":\"EntryPoint\",\"urlTemplate\":\"http:\/\/www.redsolutions.es\/web\/?s={search_term_string}\"},\"query-input\":{\"@type\":\"PropertyValueSpecification\",\"valueRequired\":true,\"valueName\":\"search_term_string\"}}],\"inLanguage\":\"es\"}]}<\/script>\n<!-- \/ Yoast SEO plugin. -->","yoast_head_json":{"title":"Redes de seguridad. Instalaci\u00f3n profesional en tu hogar.","description":"Expertos en instalaci\u00f3n de redes de seguridad para proteger tu hogar. Contamos con mallas para gatos y redes de protecci\u00f3n confiables.","robots":{"index":"index","follow":"follow","max-snippet":"max-snippet:-1","max-image-preview":"max-image-preview:large","max-video-preview":"max-video-preview:-1"},"canonical":"http:\/\/www.redsolutions.es\/web\/","og_locale":"es_ES","og_type":"article","og_title":"Redes de seguridad. Instalaci\u00f3n profesional en tu hogar.","og_description":"Expertos en instalaci\u00f3n de redes de seguridad para proteger tu hogar. Contamos con mallas para gatos y redes de protecci\u00f3n confiables.","og_url":"http:\/\/www.redsolutions.es\/web\/","og_site_name":"Redsolutions","article_modified_time":"2025-05-07T20:26:00+00:00","twitter_card":"summary_large_image","twitter_misc":{"Tiempo de lectura":"5 minutos"},"schema":{"@context":"https:\/\/schema.org","@graph":[{"@type":"WebPage","@id":"http:\/\/www.redsolutions.es\/web\/","url":"http:\/\/www.redsolutions.es\/web\/","name":"Redes de seguridad. Instalaci\u00f3n profesional en tu hogar.","isPartOf":{"@id":"http:\/\/www.redsolutions.es\/web\/#website"},"datePublished":"2020-04-15T11:09:56+00:00","dateModified":"2025-05-07T20:26:00+00:00","description":"Expertos en instalaci\u00f3n de redes de seguridad para proteger tu hogar. Contamos con mallas para gatos y redes de protecci\u00f3n confiables.","breadcrumb":{"@id":"http:\/\/www.redsolutions.es\/web\/#breadcrumb"},"inLanguage":"es","potentialAction":[{"@type":"ReadAction","target":["http:\/\/www.redsolutions.es\/web\/"]}]},{"@type":"BreadcrumbList","@id":"http:\/\/www.redsolutions.es\/web\/#breadcrumb","itemListElement":[{"@type":"ListItem","position":1,"name":"Portada","item":"http:\/\/www.redsolutions.es\/web\/"},{"@type":"ListItem","position":2,"name":"Home"}]},{"@type":"WebSite","@id":"http:\/\/www.redsolutions.es\/web\/#website","url":"http:\/\/www.redsolutions.es\/web\/","name":"Redsolutions","description":"Redes de proteccion en ventanas, balcones y terrazas.","potentialAction":[{"@type":"SearchAction","target":{"@type":"EntryPoint","urlTemplate":"http:\/\/www.redsolutions.es\/web\/?s={search_term_string}"},"query-input":{"@type":"PropertyValueSpecification","valueRequired":true,"valueName":"search_term_string"}}],"inLanguage":"es"}]}},"_links":{"self":[{"href":"http:\/\/www.redsolutions.es\/web\/wp-json\/wp\/v2\/pages\/3254","targetHints":{"allow":["GET"]}}],"collection":[{"href":"http:\/\/www.redsolutions.es\/web\/wp-json\/wp\/v2\/pages"}],"about":[{"href":"http:\/\/www.redsolutions.es\/web\/wp-json\/wp\/v2\/types\/page"}],"author":[{"embeddable":true,"href":"http:\/\/www.redsolutions.es\/web\/wp-json\/wp\/v2\/users\/1"}],"replies":[{"embeddable":true,"href":"http:\/\/www.redsolutions.es\/web\/wp-json\/wp\/v2\/comments?post=3254"}],"version-history":[{"count":55,"href":"http:\/\/www.redsolutions.es\/web\/wp-json\/wp\/v2\/pages\/3254\/revisions"}],"predecessor-version":[{"id":3896,"href":"http:\/\/www.redsolutions.es\/web\/wp-json\/wp\/v2\/pages\/3254\/revisions\/3896"}],"wp:attachment":[{"href":"http:\/\/www.redsolutions.es\/web\/wp-json\/wp\/v2\/media?parent=3254"}],"curies":[{"name":"wp","href":"https:\/\/api.w.org\/{rel}","templated":true}]}}