{"id":325,"date":"2018-11-28T10:52:32","date_gmt":"2018-11-28T10:52:32","guid":{"rendered":"http:\/\/pilon.modeltheme.com\/?page_id=325"},"modified":"2025-05-07T22:05:33","modified_gmt":"2025-05-07T22:05:33","slug":"faq","status":"publish","type":"page","link":"http:\/\/www.redsolutions.es\/web\/faq\/","title":{"rendered":"Instalaci\u00f3n de redes de seguridad"},"content":{"rendered":"<p>[vc_row full_width=&#8221;stretch_row&#8221; css=&#8221;.vc_custom_1580723947924{margin-top: 0px !important;margin-bottom: 0px !important;padding-top: 0px !important;padding-bottom: 50px !important;}&#8221;][vc_column css=&#8221;.vc_custom_1542803811281{padding-top: 65px !important;}&#8221;][vc_column_text]<\/p>\n<h1><span style=\"color: #cecbca;\">Instalaci\u00f3n de redes de seguridad<\/span><\/h1>\n<p>[\/vc_column_text][\/vc_column][\/vc_row][vc_row full_width=&#8221;stretch_row&#8221; css=&#8221;.vc_custom_1638862372622{margin-bottom: 0px !important;padding-top: 10px !important;padding-bottom: 10px !important;background-image: url(http:\/\/www.redsolutions.es\/web\/wp-content\/uploads\/2021\/12\/03-scaled.jpg?id=3573) !important;background-position: 0 0 !important;background-repeat: no-repeat !important;}&#8221;][vc_column width=&#8221;1\/2&#8243;][vc_tta_accordion style=&#8221;flat&#8221; shape=&#8221;square&#8221; color=&#8221;chino&#8221; c_position=&#8221;right&#8221; active_section=&#8221;1&#8243; no_fill=&#8221;true&#8221; collapsible_all=&#8221;true&#8221; el_class=&#8221;accordion-services&#8221;][vc_tta_section title=&#8221;\u00bfQU\u00c9 RESISTENCIA TIENE LA RED?&#8221; tab_id=&#8221;1582123745219-c95770f4-0603&#8243;][vc_column_text]Las redes transparentes de monofilamento tienen una resistencia de 120\/300kg de presi\u00f3n por m\u00b2. Una de las propiedades fundamentales de las redes que utilizamos es su elasticidad que permite el reparto de la presi\u00f3n amortiguando as\u00ed el punto de impacto.[\/vc_column_text][\/vc_tta_section][vc_tta_section title=&#8221;\u00bfVALE LA RED PARA MASCOTAS?&#8221; tab_id=&#8221;1582123745250-c036a905-f276&#8243;][vc_column_text]La red es completamente apta para evitar que nuestras mascotas caigan al vac\u00edo. Incluso gracias a nuestro sistema de anclaje no quedan huecos que presenten un riesgo incluso para las mascotas m\u00e1s escapistas.[\/vc_column_text][\/vc_tta_section][vc_tta_section title=&#8221;\u00bfSE PUEDEN REPARAR LAS REDES?&#8221; tab_id=&#8221;1582123745282-71c1a8fb-982f&#8221;][vc_column_text]En caso de cortarse accidentalmente pueden repararse f\u00e1cilmente sin necesidad de cambiar la malla al completo.[\/vc_column_text][\/vc_tta_section][vc_tta_section title=&#8221;\u00bfQU\u00c9 RESISTENCIA TIENEN LAS REDES DE PROTECCI\u00d3N?&#8221; tab_id=&#8221;1746650057635-4d89e78c-1109&#8243;][vc_column_text]Las redes de protecci\u00f3n est\u00e1n dise\u00f1adas para soportar grandes niveles de presi\u00f3n, garantizando seguridad y durabilidad en el tiempo. Su elasticidad permite distribuir impactos de forma uniforme, asegurando m\u00e1xima resistencia.[\/vc_column_text][\/vc_tta_section][vc_tta_section title=&#8221;\u00bfCU\u00c1LES SON LAS OPCIONES DE INSTALACI\u00d3N DISPONIBLES EN VALENCIA?&#8221; tab_id=&#8221;1746650171357-ec166545-82cc&#8221;][vc_column_text]Realizamos instalaci\u00f3n de redes de seguridad y redes de protecci\u00f3n en Valencia y alrededores. Contamos con instaladores expertos que adaptan las soluciones a cada espacio de forma personalizada.[\/vc_column_text][\/vc_tta_section][\/vc_tta_accordion][\/vc_column][vc_column width=&#8221;1\/2&#8243;][vc_tta_accordion style=&#8221;flat&#8221; shape=&#8221;square&#8221; color=&#8221;chino&#8221; c_position=&#8221;right&#8221; active_section=&#8221;1&#8243; no_fill=&#8221;true&#8221; el_class=&#8221;accordion-services&#8221;][vc_tta_section title=&#8221;\u00bfQU\u00c9 TIPO DE ANCLAJE SE UTILIZA?&#8221; tab_id=&#8221;1575448782569-6957e7ab-2b4a&#8221;][vc_column_text]Nuestros 13 a\u00f1os de experiencia nos confirman que el m\u00e9todo m\u00e1s fiable de anclaje es el efectuado rombo a rombo mediante pasadores de acero sobre perfiler\u00eda de aluminio quedando a ras de cualquier superficie.[\/vc_column_text][\/vc_tta_section][vc_tta_section title=&#8221;\u00bfSE PUEDEN CORTAR LAS REDES?&#8221; tab_id=&#8221;1575448782544-8f7c1427-8c5b&#8221;][vc_column_text]Las redes de protecci\u00f3n est\u00e1n preparadas para cortarlas con tijeras o alg\u00fan elemento cortante con el fin de no obstaculizar una eventual v\u00eda de escape en caso de incendio. No obstante, al ser cada rombo independiente se requiere destreza suficiente para cortar muchos rombos correlativos necesarios para que pase una persona.[\/vc_column_text][\/vc_tta_section][vc_tta_section title=&#8221;\u00bfCOMO PUEDO PEDIR ASESORAMIENTO?&#8221; tab_id=&#8221;1575450933124-ed56b437-73e2&#8243;][vc_column_text]A trav\u00e9s de nuestro formulario, completando el mismo con fotos y medidas, en la mayor\u00eda de los casos se puede elaborar el presupuesto o a trav\u00e9s de whatsapp a\u00fan puede resultar mucho m\u00e1s \u00e1gil y c\u00f3modo, facilitando la misma informaci\u00f3n en los tel\u00e9fonos de contacto.[\/vc_column_text][\/vc_tta_section][vc_tta_section title=&#8221;\u00bfLAS REDES DE SEGURIDAD SON APTAS PARA MASCOTAS?&#8221; tab_id=&#8221;1746650135736-c1fd6d45-5474&#8243;][vc_column_text]S\u00ed, nuestras redes de seguridad son ideales para proteger a tus mascotas. Las mallas para gatos ofrecen alta resistencia y durabilidad, asegurando su bienestar sin comprometer la est\u00e9tica de tu hogar.[\/vc_column_text][\/vc_tta_section][vc_tta_section title=&#8221;\u00bfSE PUEDEN REPARAR LAS REDES DE PROTECCI\u00d3N?&#8221; tab_id=&#8221;1746650209648-cffe8408-85b4&#8243;][vc_column_text]S\u00ed, en caso de da\u00f1os menores, nuestras redes de protecci\u00f3n pueden ser reparadas. Nuestro equipo evaluar\u00e1 el estado de la red para ofrecer una soluci\u00f3n segura y efectiva.[\/vc_column_text][\/vc_tta_section][\/vc_tta_accordion][\/vc_column][\/vc_row][vc_row][vc_column][vc_column_text]<\/p>\n<p style=\"text-align: center; font-weight: bold; font-size: 24px;\"><strong>Las redes de protecci\u00f3n son la mejor soluci\u00f3n para garantizar la seguridad en tu hogar o negocio. <\/strong><\/p>\n<p style=\"text-align: center; font-weight: bold; font-size: 24px;\"><strong>\u00a1Conf\u00eda en nuestros instaladores expertos!<\/strong><\/p>\n<p>[\/vc_column_text][\/vc_column][\/vc_row]<\/p>\n","protected":false},"excerpt":{"rendered":"<p>[vc_row full_width=&#8221;stretch_row&#8221; css=&#8221;.vc_custom_1580723947924{margin-top: 0px !important;margin-bottom: 0px !important;padding-top: 0px !important;padding-bottom: 50px !important;}&#8221;][vc_column css=&#8221;.vc_custom_1542803811281{padding-top: 65px !important;}&#8221;][vc_column_text] Instalaci\u00f3n de redes de seguridad [\/vc_column_text][\/vc_column][\/vc_row][vc_row full_width=&#8221;stretch_row&#8221; css=&#8221;.vc_custom_1638862372622{margin-bottom: 0px !important;padding-top: 10px !important;padding-bottom: 10px !important;background-image: url(http:\/\/www.redsolutions.es\/web\/wp-content\/uploads\/2021\/12\/03-scaled.jpg?id=3573) !important;background-position: 0 0 !important;background-repeat: no-repeat !important;}&#8221;][vc_column width=&#8221;1\/2&#8243;][vc_tta_accordion style=&#8221;flat&#8221; shape=&#8221;square&#8221; color=&#8221;chino&#8221; c_position=&#8221;right&#8221; [&hellip;]<\/p>\n","protected":false},"author":1,"featured_media":3573,"parent":0,"menu_order":0,"comment_status":"closed","ping_status":"closed","template":"","meta":{"footnotes":""},"class_list":["post-325","page","type-page","status-publish","has-post-thumbnail","hentry"],"yoast_head":"<!-- This site is optimized with the Yoast SEO plugin v24.8 - https:\/\/yoast.com\/wordpress\/plugins\/seo\/ -->\n<title>Instalaci\u00f3n de redes de seguridad. Resuelve tus dudas aqu\u00ed.<\/title>\n<meta name=\"description\" content=\"Descubre todo sobre la instalaci\u00f3n de redes de seguridad. Resolvemos preguntas sobre redes de protecci\u00f3n, mallas para gatos y m\u00e1s.\" \/>\n<meta name=\"robots\" content=\"index, follow, max-snippet:-1, max-image-preview:large, max-video-preview:-1\" \/>\n<link rel=\"canonical\" href=\"http:\/\/www.redsolutions.es\/web\/faq\/\" \/>\n<meta property=\"og:locale\" content=\"es_ES\" \/>\n<meta property=\"og:type\" content=\"article\" \/>\n<meta property=\"og:title\" content=\"Instalaci\u00f3n de redes de seguridad. Resuelve tus dudas aqu\u00ed.\" \/>\n<meta property=\"og:description\" content=\"Descubre todo sobre la instalaci\u00f3n de redes de seguridad. Resolvemos preguntas sobre redes de protecci\u00f3n, mallas para gatos y m\u00e1s.\" \/>\n<meta property=\"og:url\" content=\"http:\/\/www.redsolutions.es\/web\/faq\/\" \/>\n<meta property=\"og:site_name\" content=\"Redsolutions\" \/>\n<meta property=\"article:modified_time\" content=\"2025-05-07T22:05:33+00:00\" \/>\n<meta property=\"og:image\" content=\"http:\/\/www.redsolutions.es\/web\/wp-content\/uploads\/2021\/12\/03-scaled.jpg\" \/>\n\t<meta property=\"og:image:width\" content=\"2560\" \/>\n\t<meta property=\"og:image:height\" content=\"1707\" \/>\n\t<meta property=\"og:image:type\" content=\"image\/jpeg\" \/>\n<meta name=\"twitter:card\" content=\"summary_large_image\" \/>\n<meta name=\"twitter:label1\" content=\"Tiempo de lectura\" \/>\n\t<meta name=\"twitter:data1\" content=\"2 minutos\" \/>\n<script type=\"application\/ld+json\" class=\"yoast-schema-graph\">{\"@context\":\"https:\/\/schema.org\",\"@graph\":[{\"@type\":\"WebPage\",\"@id\":\"http:\/\/www.redsolutions.es\/web\/faq\/\",\"url\":\"http:\/\/www.redsolutions.es\/web\/faq\/\",\"name\":\"Instalaci\u00f3n de redes de seguridad. Resuelve tus dudas aqu\u00ed.\",\"isPartOf\":{\"@id\":\"http:\/\/www.redsolutions.es\/web\/#website\"},\"primaryImageOfPage\":{\"@id\":\"http:\/\/www.redsolutions.es\/web\/faq\/#primaryimage\"},\"image\":{\"@id\":\"http:\/\/www.redsolutions.es\/web\/faq\/#primaryimage\"},\"thumbnailUrl\":\"http:\/\/www.redsolutions.es\/web\/wp-content\/uploads\/2021\/12\/03-scaled.jpg\",\"datePublished\":\"2018-11-28T10:52:32+00:00\",\"dateModified\":\"2025-05-07T22:05:33+00:00\",\"description\":\"Descubre todo sobre la instalaci\u00f3n de redes de seguridad. Resolvemos preguntas sobre redes de protecci\u00f3n, mallas para gatos y m\u00e1s.\",\"breadcrumb\":{\"@id\":\"http:\/\/www.redsolutions.es\/web\/faq\/#breadcrumb\"},\"inLanguage\":\"es\",\"potentialAction\":[{\"@type\":\"ReadAction\",\"target\":[\"http:\/\/www.redsolutions.es\/web\/faq\/\"]}]},{\"@type\":\"ImageObject\",\"inLanguage\":\"es\",\"@id\":\"http:\/\/www.redsolutions.es\/web\/faq\/#primaryimage\",\"url\":\"http:\/\/www.redsolutions.es\/web\/wp-content\/uploads\/2021\/12\/03-scaled.jpg\",\"contentUrl\":\"http:\/\/www.redsolutions.es\/web\/wp-content\/uploads\/2021\/12\/03-scaled.jpg\",\"width\":2560,\"height\":1707,\"caption\":\"Transparent safety net. Child and pet protection net. For balcony and windows. Made of nylon threads.\"},{\"@type\":\"BreadcrumbList\",\"@id\":\"http:\/\/www.redsolutions.es\/web\/faq\/#breadcrumb\",\"itemListElement\":[{\"@type\":\"ListItem\",\"position\":1,\"name\":\"Portada\",\"item\":\"http:\/\/www.redsolutions.es\/web\/\"},{\"@type\":\"ListItem\",\"position\":2,\"name\":\"Instalaci\u00f3n de redes de seguridad\"}]},{\"@type\":\"WebSite\",\"@id\":\"http:\/\/www.redsolutions.es\/web\/#website\",\"url\":\"http:\/\/www.redsolutions.es\/web\/\",\"name\":\"Redsolutions\",\"description\":\"Redes de proteccion en ventanas, balcones y terrazas.\",\"potentialAction\":[{\"@type\":\"SearchAction\",\"target\":{\"@type\":\"EntryPoint\",\"urlTemplate\":\"http:\/\/www.redsolutions.es\/web\/?s={search_term_string}\"},\"query-input\":{\"@type\":\"PropertyValueSpecification\",\"valueRequired\":true,\"valueName\":\"search_term_string\"}}],\"inLanguage\":\"es\"}]}<\/script>\n<!-- \/ Yoast SEO plugin. -->","yoast_head_json":{"title":"Instalaci\u00f3n de redes de seguridad. Resuelve tus dudas aqu\u00ed.","description":"Descubre todo sobre la instalaci\u00f3n de redes de seguridad. Resolvemos preguntas sobre redes de protecci\u00f3n, mallas para gatos y m\u00e1s.","robots":{"index":"index","follow":"follow","max-snippet":"max-snippet:-1","max-image-preview":"max-image-preview:large","max-video-preview":"max-video-preview:-1"},"canonical":"http:\/\/www.redsolutions.es\/web\/faq\/","og_locale":"es_ES","og_type":"article","og_title":"Instalaci\u00f3n de redes de seguridad. Resuelve tus dudas aqu\u00ed.","og_description":"Descubre todo sobre la instalaci\u00f3n de redes de seguridad. Resolvemos preguntas sobre redes de protecci\u00f3n, mallas para gatos y m\u00e1s.","og_url":"http:\/\/www.redsolutions.es\/web\/faq\/","og_site_name":"Redsolutions","article_modified_time":"2025-05-07T22:05:33+00:00","og_image":[{"width":2560,"height":1707,"url":"http:\/\/www.redsolutions.es\/web\/wp-content\/uploads\/2021\/12\/03-scaled.jpg","type":"image\/jpeg"}],"twitter_card":"summary_large_image","twitter_misc":{"Tiempo de lectura":"2 minutos"},"schema":{"@context":"https:\/\/schema.org","@graph":[{"@type":"WebPage","@id":"http:\/\/www.redsolutions.es\/web\/faq\/","url":"http:\/\/www.redsolutions.es\/web\/faq\/","name":"Instalaci\u00f3n de redes de seguridad. Resuelve tus dudas aqu\u00ed.","isPartOf":{"@id":"http:\/\/www.redsolutions.es\/web\/#website"},"primaryImageOfPage":{"@id":"http:\/\/www.redsolutions.es\/web\/faq\/#primaryimage"},"image":{"@id":"http:\/\/www.redsolutions.es\/web\/faq\/#primaryimage"},"thumbnailUrl":"http:\/\/www.redsolutions.es\/web\/wp-content\/uploads\/2021\/12\/03-scaled.jpg","datePublished":"2018-11-28T10:52:32+00:00","dateModified":"2025-05-07T22:05:33+00:00","description":"Descubre todo sobre la instalaci\u00f3n de redes de seguridad. Resolvemos preguntas sobre redes de protecci\u00f3n, mallas para gatos y m\u00e1s.","breadcrumb":{"@id":"http:\/\/www.redsolutions.es\/web\/faq\/#breadcrumb"},"inLanguage":"es","potentialAction":[{"@type":"ReadAction","target":["http:\/\/www.redsolutions.es\/web\/faq\/"]}]},{"@type":"ImageObject","inLanguage":"es","@id":"http:\/\/www.redsolutions.es\/web\/faq\/#primaryimage","url":"http:\/\/www.redsolutions.es\/web\/wp-content\/uploads\/2021\/12\/03-scaled.jpg","contentUrl":"http:\/\/www.redsolutions.es\/web\/wp-content\/uploads\/2021\/12\/03-scaled.jpg","width":2560,"height":1707,"caption":"Transparent safety net. Child and pet protection net. For balcony and windows. Made of nylon threads."},{"@type":"BreadcrumbList","@id":"http:\/\/www.redsolutions.es\/web\/faq\/#breadcrumb","itemListElement":[{"@type":"ListItem","position":1,"name":"Portada","item":"http:\/\/www.redsolutions.es\/web\/"},{"@type":"ListItem","position":2,"name":"Instalaci\u00f3n de redes de seguridad"}]},{"@type":"WebSite","@id":"http:\/\/www.redsolutions.es\/web\/#website","url":"http:\/\/www.redsolutions.es\/web\/","name":"Redsolutions","description":"Redes de proteccion en ventanas, balcones y terrazas.","potentialAction":[{"@type":"SearchAction","target":{"@type":"EntryPoint","urlTemplate":"http:\/\/www.redsolutions.es\/web\/?s={search_term_string}"},"query-input":{"@type":"PropertyValueSpecification","valueRequired":true,"valueName":"search_term_string"}}],"inLanguage":"es"}]}},"_links":{"self":[{"href":"http:\/\/www.redsolutions.es\/web\/wp-json\/wp\/v2\/pages\/325","targetHints":{"allow":["GET"]}}],"collection":[{"href":"http:\/\/www.redsolutions.es\/web\/wp-json\/wp\/v2\/pages"}],"about":[{"href":"http:\/\/www.redsolutions.es\/web\/wp-json\/wp\/v2\/types\/page"}],"author":[{"embeddable":true,"href":"http:\/\/www.redsolutions.es\/web\/wp-json\/wp\/v2\/users\/1"}],"replies":[{"embeddable":true,"href":"http:\/\/www.redsolutions.es\/web\/wp-json\/wp\/v2\/comments?post=325"}],"version-history":[{"count":15,"href":"http:\/\/www.redsolutions.es\/web\/wp-json\/wp\/v2\/pages\/325\/revisions"}],"predecessor-version":[{"id":4097,"href":"http:\/\/www.redsolutions.es\/web\/wp-json\/wp\/v2\/pages\/325\/revisions\/4097"}],"wp:featuredmedia":[{"embeddable":true,"href":"http:\/\/www.redsolutions.es\/web\/wp-json\/wp\/v2\/media\/3573"}],"wp:attachment":[{"href":"http:\/\/www.redsolutions.es\/web\/wp-json\/wp\/v2\/media?parent=325"}],"curies":[{"name":"wp","href":"https:\/\/api.w.org\/{rel}","templated":true}]}}